{"id":14654,"date":"2023-10-13T23:09:10","date_gmt":"2023-10-13T23:09:10","guid":{"rendered":"https:\/\/www.joyerialajoya.com\/?page_id=14654"},"modified":"2024-11-07T16:32:52","modified_gmt":"2024-11-07T16:32:52","slug":"blog","status":"publish","type":"page","link":"https:\/\/www.joyerialajoya.com\/en\/blog\/","title":{"rendered":"BLOG"},"content":{"rendered":"<div data-elementor-type=\"wp-page\" data-elementor-id=\"14654\" class=\"elementor elementor-14654\" data-elementor-post-type=\"page\">\n\t\t\t\t\t\t<section class=\"elementor-section elementor-top-section elementor-element elementor-element-75omxkb elementor-section-content-top elementor-section-boxed elementor-section-height-default elementor-section-height-default\" data-id=\"75omxkb\" data-element_type=\"section\" data-e-type=\"section\" data-settings=\"{&quot;background_background&quot;:&quot;classic&quot;}\">\n\t\t\t\t\t\t\t<div class=\"elementor-background-overlay\"><\/div>\n\t\t\t\t\t\t\t<div class=\"elementor-container elementor-column-gap-no\">\n\t\t\t\t\t<div class=\"elementor-column elementor-col-100 elementor-top-column elementor-element elementor-element-36e7ccd\" data-id=\"36e7ccd\" data-element_type=\"column\" data-e-type=\"column\">\n\t\t\t<div class=\"elementor-widget-wrap elementor-element-populated\">\n\t\t\t\t\t\t<div class=\"elementor-element elementor-element-a1d335f elementor-widget-divider--view-line elementor-widget elementor-widget-divider\" data-id=\"a1d335f\" data-element_type=\"widget\" data-e-type=\"widget\" data-widget_type=\"divider.default\">\n\t\t\t\t<div class=\"elementor-widget-container\">\n\t\t\t\t\t\t\t<div class=\"elementor-divider\">\n\t\t\t<span class=\"elementor-divider-separator\">\n\t\t\t\t\t\t<\/span>\n\t\t<\/div>\n\t\t\t\t\t\t<\/div>\n\t\t\t\t<\/div>\n\t\t\t\t<div class=\"elementor-element elementor-element-febb385 animated-slow elementor-invisible elementor-widget elementor-widget-heading\" data-id=\"febb385\" data-element_type=\"widget\" data-e-type=\"widget\" data-settings=\"{&quot;_animation&quot;:&quot;fadeInDown&quot;}\" data-widget_type=\"heading.default\">\n\t\t\t\t<div class=\"elementor-widget-container\">\n\t\t\t\t\t<h2 class=\"elementor-heading-title elementor-size-default\">NOVEDADES<\/h2>\t\t\t\t<\/div>\n\t\t\t\t<\/div>\n\t\t\t\t<div class=\"elementor-element elementor-element-cfb7845 animated-slow elementor-invisible elementor-widget elementor-widget-text-editor\" data-id=\"cfb7845\" data-element_type=\"widget\" data-e-type=\"widget\" data-settings=\"{&quot;_animation&quot;:&quot;fadeInDown&quot;}\" data-widget_type=\"text-editor.default\">\n\t\t\t\t<div class=\"elementor-widget-container\">\n\t\t\t\t\t\t\t\t\t<p>Compartimos contigo noticias y eventos\u00a0<\/p>\t\t\t\t\t\t\t\t<\/div>\n\t\t\t\t<\/div>\n\t\t\t\t<div class=\"elementor-element elementor-element-1103980 elementor-widget-divider--view-line elementor-widget elementor-widget-divider\" data-id=\"1103980\" data-element_type=\"widget\" data-e-type=\"widget\" data-widget_type=\"divider.default\">\n\t\t\t\t<div class=\"elementor-widget-container\">\n\t\t\t\t\t\t\t<div class=\"elementor-divider\">\n\t\t\t<span class=\"elementor-divider-separator\">\n\t\t\t\t\t\t<\/span>\n\t\t<\/div>\n\t\t\t\t\t\t<\/div>\n\t\t\t\t<\/div>\n\t\t\t\t\t<\/div>\n\t\t<\/div>\n\t\t\t\t\t<\/div>\n\t\t<\/section>\n\t\t\t\t<section class=\"elementor-section elementor-top-section elementor-element elementor-element-af3b416 elementor-section-boxed elementor-section-height-default elementor-section-height-default\" data-id=\"af3b416\" data-element_type=\"section\" data-e-type=\"section\">\n\t\t\t\t\t\t<div class=\"elementor-container elementor-column-gap-default\">\n\t\t\t\t\t<div class=\"elementor-column elementor-col-100 elementor-top-column elementor-element elementor-element-2cda4b6\" data-id=\"2cda4b6\" data-element_type=\"column\" data-e-type=\"column\">\n\t\t\t<div class=\"elementor-widget-wrap elementor-element-populated\">\n\t\t\t\t\t\t<div class=\"elementor-element elementor-element-e6685bf elementor-widget elementor-widget-heading\" data-id=\"e6685bf\" data-element_type=\"widget\" data-e-type=\"widget\" data-widget_type=\"heading.default\">\n\t\t\t\t<div class=\"elementor-widget-container\">\n\t\t\t\t\t<h2 class=\"elementor-heading-title elementor-size-default\">Inf\u00f3rmate<\/h2>\t\t\t\t<\/div>\n\t\t\t\t<\/div>\n\t\t\t\t<div class=\"elementor-element elementor-element-8496006 premium-blog-align-left elementor-widget elementor-widget-premium-addon-blog\" data-id=\"8496006\" data-element_type=\"widget\" data-e-type=\"widget\" data-settings=\"{&quot;premium_blog_grid&quot;:&quot;yes&quot;,&quot;premium_blog_layout&quot;:&quot;even&quot;,&quot;premium_blog_columns_number&quot;:&quot;50%&quot;,&quot;premium_blog_columns_number_tablet&quot;:&quot;50%&quot;,&quot;premium_blog_columns_number_mobile&quot;:&quot;100%&quot;,&quot;scroll_to_offset&quot;:&quot;yes&quot;}\" data-widget_type=\"premium-addon-blog.default\">\n\t\t\t\t<div class=\"elementor-widget-container\">\n\t\t\t\t\t\n\t\t\n\n\t\t\t\t<div class=\"premium-blog-wrap  premium-blog-even\" data-page=\"14654\">\n\t\t\t\t\t\t\t\t\t<div class=\"premium-blog-post-outer-container\" data-total=\"1\">\n\t\t\t<div class=\"premium-blog-post-container premium-blog-skin-modern\">\n\t\t\t\t\t\t\t\t\t<div class=\"premium-blog-thumb-effect-wrapper\">\n\t\t\t\t\t\t<div class=\"premium-blog-thumbnail-container premium-blog-zoomin-effect\">\n\t\t\t\t\t\t\t\t\t\t\t<a href=\"https:\/\/www.joyerialajoya.com\/en\/lujo-y-experiencia-mas-que-una-joya-una-historia-que-perdura\/\" target=\"_blank\">\n\t\t\t\t<img fetchpriority=\"high\" decoding=\"async\" width=\"354\" height=\"275\" src=\"https:\/\/www.joyerialajoya.com\/wp-content\/uploads\/2026\/01\/historia-1.webp\" class=\"attachment-full size-full wp-image-27811\" alt=\"\" srcset=\"https:\/\/www.joyerialajoya.com\/wp-content\/uploads\/2026\/01\/historia-1.webp 354w, https:\/\/www.joyerialajoya.com\/wp-content\/uploads\/2026\/01\/historia-1-15x12.webp 15w, https:\/\/www.joyerialajoya.com\/wp-content\/uploads\/2026\/01\/historia-1-64x50.webp 64w\" sizes=\"(max-width: 354px) 100vw, 354px\" \/>\t\t\t\t<\/a>\n\t\t\t\t\t\t\t\t\t\t<\/div>\n\t\t\t\t\t\t\t\t\t\t\t\t\t<div class=\"premium-blog-effect-container premium-blog-diagonal-effect\">\n\t\t\t\t\t\t\t\t<a class=\"premium-blog-post-link\" href=\"https:\/\/www.joyerialajoya.com\/en\/lujo-y-experiencia-mas-que-una-joya-una-historia-que-perdura\/\" target=\"_blank\"><span>Lujo y Experiencia: M\u00e1s que una joya, una historia que perdura<\/span><\/a>\n\t\t\t\t\t\t\t\t\t\t\t\t\t\t\t<\/div>\n\t\t\t\t\t\t\t\t\t\t\t<\/div>\n\t\t\t\t\t\t\t\t\t\t\t\t<div class=\"premium-blog-content-wrapper\">\n\n\t\t\t\t\t<div class=\"premium-blog-inner-container\">\n\n\t\t\t\t\t\t\t\t\t\t\t\t\t\t<h2 class=\"premium-blog-entry-title\">\n\t\t\t<a href=\"https:\/\/www.joyerialajoya.com\/en\/lujo-y-experiencia-mas-que-una-joya-una-historia-que-perdura\/\" target=\"_blank\">\n\t\t\t\tLujo y Experiencia: M\u00e1s que una joya, una historia que perdura\t\t\t<\/a>\n\t\t<\/h2>\n\t\t\t\t<div class=\"premium-blog-entry-meta\">\n\t\t\t\n\t\t\t\n\t\t\t\t\t\t\t<span class=\"premium-blog-meta-separator\">\u2022<\/span>\n\t\t\t\t<div class=\"premium-blog-post-categories premium-blog-meta-data\">\n\t\t\t\t\t<i class=\"fa fa-align-left fa-fw\" aria-hidden=\"true\"><\/i>\n\t\t\t\t\t<a href=\"https:\/\/www.joyerialajoya.com\/en\/category\/novedades\/\" rel=\"category tag\">Novedades<\/a>\t\t\t\t<\/div>\n\t\t\t\n\t\t\t\t\t<\/div>\n\t\t\n\t\t\t\t\t<\/div>\n\n\t\t\t\t\t\t\t<div class=\"premium-blog-content-inner-wrapper\">\n\t\t<p class=\"premium-blog-post-content\">Instagram Facebook Tiendas Tel: 7039 -9060 \/ 7039 8472 Lujo y Experiencia: M\u00e1s que una joya, una historia que perdura En Joyer\u00eda<\/p><div class=\"premium-blog-excerpt-link-wrap\"><a href=\"https:\/\/www.joyerialajoya.com\/en\/lujo-y-experiencia-mas-que-una-joya-una-historia-que-perdura\/\" target=\"_blank\" class=\"premium-blog-excerpt-link elementor-button\">Leer m\u00e1s \u00bb<\/a><\/div>\t\t<\/div>\n\t\t\t\t\t\t\t\n\t\t\t\t<\/div>\n\t\t\t<\/div>\n\t\t<\/div>\n\n\t\t\t\t<div class=\"premium-blog-post-outer-container\" data-total=\"1\">\n\t\t\t<div class=\"premium-blog-post-container premium-blog-skin-modern\">\n\t\t\t\t\t\t\t\t\t<div class=\"premium-blog-thumb-effect-wrapper\">\n\t\t\t\t\t\t<div class=\"premium-blog-thumbnail-container premium-blog-zoomin-effect\">\n\t\t\t\t\t\t\t\t\t\t\t<a href=\"https:\/\/www.joyerialajoya.com\/en\/rolex-grand-slam-of-show-jumping\/\" target=\"_blank\">\n\t\t\t\t<img decoding=\"async\" width=\"2560\" height=\"1076\" src=\"https:\/\/www.joyerialajoya.com\/wp-content\/uploads\/2024\/07\/ROLEX-3-3-scaled.jpg\" class=\"attachment-full size-full wp-image-21841\" alt=\"\" srcset=\"https:\/\/www.joyerialajoya.com\/wp-content\/uploads\/2024\/07\/ROLEX-3-3-scaled.jpg 2560w, https:\/\/www.joyerialajoya.com\/wp-content\/uploads\/2024\/07\/ROLEX-3-3-700x294.jpg 700w, https:\/\/www.joyerialajoya.com\/wp-content\/uploads\/2024\/07\/ROLEX-3-3-2048x860.jpg 2048w, https:\/\/www.joyerialajoya.com\/wp-content\/uploads\/2024\/07\/ROLEX-3-3-768x323.jpg 768w, https:\/\/www.joyerialajoya.com\/wp-content\/uploads\/2024\/07\/ROLEX-3-3-1536x645.jpg 1536w, https:\/\/www.joyerialajoya.com\/wp-content\/uploads\/2024\/07\/ROLEX-3-3-18x8.jpg 18w, https:\/\/www.joyerialajoya.com\/wp-content\/uploads\/2024\/07\/ROLEX-3-3-500x210.jpg 500w, https:\/\/www.joyerialajoya.com\/wp-content\/uploads\/2024\/07\/ROLEX-3-3-64x27.jpg 64w\" sizes=\"(max-width: 2560px) 100vw, 2560px\" \/>\t\t\t\t<\/a>\n\t\t\t\t\t\t\t\t\t\t<\/div>\n\t\t\t\t\t\t\t\t\t\t\t\t\t<div class=\"premium-blog-effect-container premium-blog-diagonal-effect\">\n\t\t\t\t\t\t\t\t<a class=\"premium-blog-post-link\" href=\"https:\/\/www.joyerialajoya.com\/en\/rolex-grand-slam-of-show-jumping\/\" target=\"_blank\"><span>Rolex Grand Slam of Show Jumping<\/span><\/a>\n\t\t\t\t\t\t\t\t\t\t\t\t\t\t\t<\/div>\n\t\t\t\t\t\t\t\t\t\t\t<\/div>\n\t\t\t\t\t\t\t\t\t\t\t\t<div class=\"premium-blog-content-wrapper\">\n\n\t\t\t\t\t<div class=\"premium-blog-inner-container\">\n\n\t\t\t\t\t\t\t\t\t\t\t\t\t\t<h2 class=\"premium-blog-entry-title\">\n\t\t\t<a href=\"https:\/\/www.joyerialajoya.com\/en\/rolex-grand-slam-of-show-jumping\/\" target=\"_blank\">\n\t\t\t\tRolex Grand Slam of Show Jumping\t\t\t<\/a>\n\t\t<\/h2>\n\t\t\t\t<div class=\"premium-blog-entry-meta\">\n\t\t\t\n\t\t\t\n\t\t\t\t\t\t\t<span class=\"premium-blog-meta-separator\">\u2022<\/span>\n\t\t\t\t<div class=\"premium-blog-post-categories premium-blog-meta-data\">\n\t\t\t\t\t<i class=\"fa fa-align-left fa-fw\" aria-hidden=\"true\"><\/i>\n\t\t\t\t\t<a href=\"https:\/\/www.joyerialajoya.com\/en\/category\/rolex\/\" rel=\"category tag\">Rolex<\/a>\t\t\t\t<\/div>\n\t\t\t\n\t\t\t\t\t<\/div>\n\t\t\n\t\t\t\t\t<\/div>\n\n\t\t\t\t\t\t\t<div class=\"premium-blog-content-inner-wrapper\">\n\t\t<p class=\"premium-blog-post-content\">Rolex Grand Slam of Show Jumping Ampliamente considerado como el mayor desaf\u00edo de la h\u00edpica, el Rolex Grand Slam of Show Jumping<\/p><div class=\"premium-blog-excerpt-link-wrap\"><a href=\"https:\/\/www.joyerialajoya.com\/en\/rolex-grand-slam-of-show-jumping\/\" target=\"_blank\" class=\"premium-blog-excerpt-link elementor-button\">Leer m\u00e1s \u00bb<\/a><\/div>\t\t<\/div>\n\t\t\t\t\t\t\t\n\t\t\t\t<\/div>\n\t\t\t<\/div>\n\t\t<\/div>\n\n\t\t\t\t<div class=\"premium-blog-post-outer-container\" data-total=\"1\">\n\t\t\t<div class=\"premium-blog-post-container premium-blog-skin-modern\">\n\t\t\t\t\t\t\t\t\t<div class=\"premium-blog-thumb-effect-wrapper\">\n\t\t\t\t\t\t<div class=\"premium-blog-thumbnail-container premium-blog-zoomin-effect\">\n\t\t\t\t\t\t\t\t\t\t\t<a href=\"https:\/\/www.joyerialajoya.com\/en\/sailgp-2\/\" target=\"_blank\">\n\t\t\t\t<img decoding=\"async\" width=\"2560\" height=\"1076\" src=\"https:\/\/www.joyerialajoya.com\/wp-content\/uploads\/2024\/07\/rolex-fd2_3081_rec-desktop-scaled.jpg\" class=\"attachment-full size-full wp-image-21834\" alt=\"\" srcset=\"https:\/\/www.joyerialajoya.com\/wp-content\/uploads\/2024\/07\/rolex-fd2_3081_rec-desktop-scaled.jpg 2560w, https:\/\/www.joyerialajoya.com\/wp-content\/uploads\/2024\/07\/rolex-fd2_3081_rec-desktop-700x294.jpg 700w, https:\/\/www.joyerialajoya.com\/wp-content\/uploads\/2024\/07\/rolex-fd2_3081_rec-desktop-2048x860.jpg 2048w, https:\/\/www.joyerialajoya.com\/wp-content\/uploads\/2024\/07\/rolex-fd2_3081_rec-desktop-768x323.jpg 768w, https:\/\/www.joyerialajoya.com\/wp-content\/uploads\/2024\/07\/rolex-fd2_3081_rec-desktop-1536x645.jpg 1536w, https:\/\/www.joyerialajoya.com\/wp-content\/uploads\/2024\/07\/rolex-fd2_3081_rec-desktop-18x8.jpg 18w, https:\/\/www.joyerialajoya.com\/wp-content\/uploads\/2024\/07\/rolex-fd2_3081_rec-desktop-500x210.jpg 500w, https:\/\/www.joyerialajoya.com\/wp-content\/uploads\/2024\/07\/rolex-fd2_3081_rec-desktop-64x27.jpg 64w\" sizes=\"(max-width: 2560px) 100vw, 2560px\" \/>\t\t\t\t<\/a>\n\t\t\t\t\t\t\t\t\t\t<\/div>\n\t\t\t\t\t\t\t\t\t\t\t\t\t<div class=\"premium-blog-effect-container premium-blog-diagonal-effect\">\n\t\t\t\t\t\t\t\t<a class=\"premium-blog-post-link\" href=\"https:\/\/www.joyerialajoya.com\/en\/sailgp-2\/\" target=\"_blank\"><span>SailGP<\/span><\/a>\n\t\t\t\t\t\t\t\t\t\t\t\t\t\t\t<\/div>\n\t\t\t\t\t\t\t\t\t\t\t<\/div>\n\t\t\t\t\t\t\t\t\t\t\t\t<div class=\"premium-blog-content-wrapper\">\n\n\t\t\t\t\t<div class=\"premium-blog-inner-container\">\n\n\t\t\t\t\t\t\t\t\t\t\t\t\t\t<h2 class=\"premium-blog-entry-title\">\n\t\t\t<a href=\"https:\/\/www.joyerialajoya.com\/en\/sailgp-2\/\" target=\"_blank\">\n\t\t\t\tSailGP\t\t\t<\/a>\n\t\t<\/h2>\n\t\t\t\t<div class=\"premium-blog-entry-meta\">\n\t\t\t\n\t\t\t\n\t\t\t\t\t\t\t<span class=\"premium-blog-meta-separator\">\u2022<\/span>\n\t\t\t\t<div class=\"premium-blog-post-categories premium-blog-meta-data\">\n\t\t\t\t\t<i class=\"fa fa-align-left fa-fw\" aria-hidden=\"true\"><\/i>\n\t\t\t\t\t<a href=\"https:\/\/www.joyerialajoya.com\/en\/category\/rolex\/\" rel=\"category tag\">Rolex<\/a>\t\t\t\t<\/div>\n\t\t\t\n\t\t\t\t\t<\/div>\n\t\t\n\t\t\t\t\t<\/div>\n\n\t\t\t\t\t\t\t<div class=\"premium-blog-content-inner-wrapper\">\n\t\t<p class=\"premium-blog-post-content\">SailGP Rolex es Presenting Partner mundial y Reloj Oficial exclusivo del SailGP, un circuito de regatas en el que compiten las embarcaciones<\/p><div class=\"premium-blog-excerpt-link-wrap\"><a href=\"https:\/\/www.joyerialajoya.com\/en\/sailgp-2\/\" target=\"_blank\" class=\"premium-blog-excerpt-link elementor-button\">Leer m\u00e1s \u00bb<\/a><\/div>\t\t<\/div>\n\t\t\t\t\t\t\t\n\t\t\t\t<\/div>\n\t\t\t<\/div>\n\t\t<\/div>\n\n\t\t\t\t<div class=\"premium-blog-post-outer-container\" data-total=\"1\">\n\t\t\t<div class=\"premium-blog-post-container premium-blog-skin-modern\">\n\t\t\t\t\t\t\t\t\t<div class=\"premium-blog-thumb-effect-wrapper\">\n\t\t\t\t\t\t<div class=\"premium-blog-thumbnail-container premium-blog-zoomin-effect\">\n\t\t\t\t\t\t\t\t\t\t\t<a href=\"https:\/\/www.joyerialajoya.com\/en\/rolex-y-the-championships-wimbledon\/\" target=\"_blank\">\n\t\t\t\t<img loading=\"lazy\" decoding=\"async\" width=\"2560\" height=\"1076\" src=\"https:\/\/www.joyerialajoya.com\/wp-content\/uploads\/2024\/06\/ROLEX_3-scaled.jpg\" class=\"attachment-full size-full wp-image-21846\" alt=\"\" srcset=\"https:\/\/www.joyerialajoya.com\/wp-content\/uploads\/2024\/06\/ROLEX_3-scaled.jpg 2560w, https:\/\/www.joyerialajoya.com\/wp-content\/uploads\/2024\/06\/ROLEX_3-700x294.jpg 700w, https:\/\/www.joyerialajoya.com\/wp-content\/uploads\/2024\/06\/ROLEX_3-2048x860.jpg 2048w, https:\/\/www.joyerialajoya.com\/wp-content\/uploads\/2024\/06\/ROLEX_3-768x323.jpg 768w, https:\/\/www.joyerialajoya.com\/wp-content\/uploads\/2024\/06\/ROLEX_3-1536x645.jpg 1536w, https:\/\/www.joyerialajoya.com\/wp-content\/uploads\/2024\/06\/ROLEX_3-18x8.jpg 18w, https:\/\/www.joyerialajoya.com\/wp-content\/uploads\/2024\/06\/ROLEX_3-500x210.jpg 500w, https:\/\/www.joyerialajoya.com\/wp-content\/uploads\/2024\/06\/ROLEX_3-64x27.jpg 64w\" sizes=\"(max-width: 2560px) 100vw, 2560px\" \/>\t\t\t\t<\/a>\n\t\t\t\t\t\t\t\t\t\t<\/div>\n\t\t\t\t\t\t\t\t\t\t\t\t\t<div class=\"premium-blog-effect-container premium-blog-diagonal-effect\">\n\t\t\t\t\t\t\t\t<a class=\"premium-blog-post-link\" href=\"https:\/\/www.joyerialajoya.com\/en\/rolex-y-the-championships-wimbledon\/\" target=\"_blank\"><span>Rolex y The Championships, Wimbledon<\/span><\/a>\n\t\t\t\t\t\t\t\t\t\t\t\t\t\t\t<\/div>\n\t\t\t\t\t\t\t\t\t\t\t<\/div>\n\t\t\t\t\t\t\t\t\t\t\t\t<div class=\"premium-blog-content-wrapper\">\n\n\t\t\t\t\t<div class=\"premium-blog-inner-container\">\n\n\t\t\t\t\t\t\t\t\t\t\t\t\t\t<h2 class=\"premium-blog-entry-title\">\n\t\t\t<a href=\"https:\/\/www.joyerialajoya.com\/en\/rolex-y-the-championships-wimbledon\/\" target=\"_blank\">\n\t\t\t\tRolex y The Championships, Wimbledon\t\t\t<\/a>\n\t\t<\/h2>\n\t\t\t\t<div class=\"premium-blog-entry-meta\">\n\t\t\t\n\t\t\t\n\t\t\t\t\t\t\t<span class=\"premium-blog-meta-separator\">\u2022<\/span>\n\t\t\t\t<div class=\"premium-blog-post-categories premium-blog-meta-data\">\n\t\t\t\t\t<i class=\"fa fa-align-left fa-fw\" aria-hidden=\"true\"><\/i>\n\t\t\t\t\t<a href=\"https:\/\/www.joyerialajoya.com\/en\/category\/rolex\/\" rel=\"category tag\">Rolex<\/a>\t\t\t\t<\/div>\n\t\t\t\n\t\t\t\t\t<\/div>\n\t\t\n\t\t\t\t\t<\/div>\n\n\t\t\t\t\t\t\t<div class=\"premium-blog-content-inner-wrapper\">\n\t\t<p class=\"premium-blog-post-content\">Rolex y The Championships, Wimbledon Rolex colabor\u00f3 por primera vez con Wimbledon en\u00a01978. El torneo de tenis m\u00e1s antiguo del mundo es<\/p><div class=\"premium-blog-excerpt-link-wrap\"><a href=\"https:\/\/www.joyerialajoya.com\/en\/rolex-y-the-championships-wimbledon\/\" target=\"_blank\" class=\"premium-blog-excerpt-link elementor-button\">Leer m\u00e1s \u00bb<\/a><\/div>\t\t<\/div>\n\t\t\t\t\t\t\t\n\t\t\t\t<\/div>\n\t\t\t<\/div>\n\t\t<\/div>\n\n\t\t\t\t\t\t\t<\/div>\n\n\t\t\n\t\t\n\t\t\t\t\t\t<\/div>\n\t\t\t\t<\/div>\n\t\t\t\t\t<\/div>\n\t\t<\/div>\n\t\t\t\t\t<\/div>\n\t\t<\/section>\n\t\t\t\t<\/div>","protected":false},"excerpt":{"rendered":"<p>NOVEDADES Compartimos contigo noticias y eventos\u00a0 Inf\u00f3rmate Rolex Grand Slam of Show Jumping \u2022 Rolex Rolex Grand Slam of Show Jumping Ampliamente considerado como el mayor desaf\u00edo de la h\u00edpica, el Rolex Grand Slam of Show Jumping Leer m\u00e1s \u00bb SailGP \u2022 Rolex SailGP Rolex es Presenting Partner mundial y Reloj Oficial exclusivo del SailGP, [&hellip;]<\/p>\n","protected":false},"author":2,"featured_media":0,"parent":0,"menu_order":0,"comment_status":"closed","ping_status":"closed","template":"elementor_header_footer","meta":{"_monsterinsights_skip_tracking":false,"_monsterinsights_sitenote_active":false,"_monsterinsights_sitenote_note":"","_monsterinsights_sitenote_category":0,"site-sidebar-layout":"no-sidebar","site-content-layout":"page-builder","ast-site-content-layout":"full-width-container","site-content-style":"default","site-sidebar-style":"default","ast-global-header-display":"","ast-banner-title-visibility":"","ast-main-header-display":"","ast-hfb-above-header-display":"","ast-hfb-below-header-display":"","ast-hfb-mobile-header-display":"","site-post-title":"disabled","ast-breadcrumbs-content":"","ast-featured-img":"disabled","footer-sml-layout":"","ast-disable-related-posts":"","theme-transparent-header-meta":"","adv-header-id-meta":"","stick-header-meta":"","header-above-stick-meta":"","header-main-stick-meta":"","header-below-stick-meta":"","astra-migrate-meta-layouts":"set","ast-page-background-enabled":"default","ast-page-background-meta":{"desktop":{"background-color":"var(--ast-global-color-4)","background-image":"","background-repeat":"repeat","background-position":"center center","background-size":"auto","background-attachment":"scroll","background-type":"","background-media":"","overlay-type":"","overlay-color":"","overlay-opacity":"","overlay-gradient":""},"tablet":{"background-color":"","background-image":"","background-repeat":"repeat","background-position":"center center","background-size":"auto","background-attachment":"scroll","background-type":"","background-media":"","overlay-type":"","overlay-color":"","overlay-opacity":"","overlay-gradient":""},"mobile":{"background-color":"","background-image":"","background-repeat":"repeat","background-position":"center center","background-size":"auto","background-attachment":"scroll","background-type":"","background-media":"","overlay-type":"","overlay-color":"","overlay-opacity":"","overlay-gradient":""}},"ast-content-background-meta":{"desktop":{"background-color":"var(--ast-global-color-5)","background-image":"","background-repeat":"repeat","background-position":"center center","background-size":"auto","background-attachment":"scroll","background-type":"","background-media":"","overlay-type":"","overlay-color":"","overlay-opacity":"","overlay-gradient":""},"tablet":{"background-color":"var(--ast-global-color-5)","background-image":"","background-repeat":"repeat","background-position":"center center","background-size":"auto","background-attachment":"scroll","background-type":"","background-media":"","overlay-type":"","overlay-color":"","overlay-opacity":"","overlay-gradient":""},"mobile":{"background-color":"var(--ast-global-color-5)","background-image":"","background-repeat":"repeat","background-position":"center center","background-size":"auto","background-attachment":"scroll","background-type":"","background-media":"","overlay-type":"","overlay-color":"","overlay-opacity":"","overlay-gradient":""}},"footnotes":""},"class_list":["post-14654","page","type-page","status-publish","hentry"],"_links":{"self":[{"href":"https:\/\/www.joyerialajoya.com\/en\/wp-json\/wp\/v2\/pages\/14654","targetHints":{"allow":["GET"]}}],"collection":[{"href":"https:\/\/www.joyerialajoya.com\/en\/wp-json\/wp\/v2\/pages"}],"about":[{"href":"https:\/\/www.joyerialajoya.com\/en\/wp-json\/wp\/v2\/types\/page"}],"author":[{"embeddable":true,"href":"https:\/\/www.joyerialajoya.com\/en\/wp-json\/wp\/v2\/users\/2"}],"replies":[{"embeddable":true,"href":"https:\/\/www.joyerialajoya.com\/en\/wp-json\/wp\/v2\/comments?post=14654"}],"version-history":[{"count":110,"href":"https:\/\/www.joyerialajoya.com\/en\/wp-json\/wp\/v2\/pages\/14654\/revisions"}],"predecessor-version":[{"id":21271,"href":"https:\/\/www.joyerialajoya.com\/en\/wp-json\/wp\/v2\/pages\/14654\/revisions\/21271"}],"wp:attachment":[{"href":"https:\/\/www.joyerialajoya.com\/en\/wp-json\/wp\/v2\/media?parent=14654"}],"curies":[{"name":"wp","href":"https:\/\/api.w.org\/{rel}","templated":true}]}}