{"id":1498,"date":"2020-06-12T20:59:07","date_gmt":"2020-06-12T20:59:07","guid":{"rendered":"https:\/\/www.joyerialajoya.com\/?page_id=1498"},"modified":"2025-11-25T21:10:22","modified_gmt":"2025-11-25T21:10:22","slug":"terminosdeprivacidad","status":"publish","type":"page","link":"https:\/\/www.joyerialajoya.com\/en\/terminosdeprivacidad\/","title":{"rendered":"Terminos de Privacidad"},"content":{"rendered":"<div data-elementor-type=\"wp-page\" data-elementor-id=\"1498\" class=\"elementor elementor-1498\" data-elementor-post-type=\"page\">\n\t\t\t\t\t\t<section class=\"elementor-section elementor-top-section elementor-element elementor-element-195eb17 elementor-section-boxed elementor-section-height-default elementor-section-height-default\" data-id=\"195eb17\" data-element_type=\"section\" data-e-type=\"section\">\n\t\t\t\t\t\t<div class=\"elementor-container elementor-column-gap-default\">\n\t\t\t\t\t<div class=\"elementor-column elementor-col-100 elementor-top-column elementor-element elementor-element-7dda9d5\" data-id=\"7dda9d5\" data-element_type=\"column\" data-e-type=\"column\">\n\t\t\t<div class=\"elementor-widget-wrap elementor-element-populated\">\n\t\t\t\t\t\t<div class=\"elementor-element elementor-element-cf6b365 elementor-widget elementor-widget-text-editor\" data-id=\"cf6b365\" data-element_type=\"widget\" data-e-type=\"widget\" data-widget_type=\"text-editor.default\">\n\t\t\t\t<div class=\"elementor-widget-container\">\n\t\t\t\t\t\t\t\t\t<p data-path-to-node=\"4\"><b>1. Introducci\u00f3n<\/b> En <b>Joyer\u00eda La Joya<\/b> (<code>www.joyerialajoya.com<\/code>), reconocemos la importancia de proteger su privacidad y la confidencialidad de sus datos personales. Esta pol\u00edtica detalla c\u00f3mo recopilamos, utilizamos y protegemos la informaci\u00f3n que usted nos conf\u00eda al utilizar nuestros servicios.<\/p><p data-path-to-node=\"5\"><b>2. Uso de la Informaci\u00f3n<\/b> La informaci\u00f3n que usted nos proporciona ser\u00e1 utilizada \u00fanica y exclusivamente con el prop\u00f3sito de brindarle el servicio o producto que nos ha solicitado. Nos comprometemos a garantizar que sus datos sean tratados con la m\u00e1xima seguridad y confidencialidad.<\/p><p data-path-to-node=\"6\"><b>3. Protecci\u00f3n de Datos y Terceros<\/b> En ning\u00fan momento <b>Joyer\u00eda La Joya<\/b> vender\u00e1, ceder\u00e1 o proporcionar\u00e1 a ninguna otra compa\u00f1\u00eda o terceros la informaci\u00f3n total o parcial que nos ha facilitado. Toda la informaci\u00f3n recolectada en nuestro sitio web se mantiene bajo estrictos est\u00e1ndares de seguridad y \u00fanicamente ser\u00e1 revelada si es requerida legalmente por una autoridad judicial competente.<\/p><p data-path-to-node=\"7\"><b>4. Enlaces a Terceros<\/b> Nuestro sitio web puede contener enlaces hacia sitios de internet externos que no son operados por <b>Joyer\u00eda La Joya<\/b>. No nos hacemos responsables de las pr\u00e1cticas de privacidad o el contenido de dichos sitios de terceros. Le recomendamos revisar las pol\u00edticas de privacidad de cualquier sitio externo que visite.<\/p><p data-path-to-node=\"8\"><b>5. Secci\u00f3n Rolex<\/b> Durante su navegaci\u00f3n en la <b>Secci\u00f3n Rolex<\/b> de nuestro sitio web, es posible que interact\u00fae con material incrustado directamente desde <code>www.rolex.com<\/code>. En dicho caso, le informamos que estar\u00e1 sujeto a los <b>T\u00e9rminos de Privacidad, Uso y Cookies<\/b> de <code>www.rolex.com<\/code>.<\/p><p data-path-to-node=\"9\"><b>6. Consentimiento<\/b> El env\u00edo de informaci\u00f3n personal a trav\u00e9s de nuestro sitio es totalmente voluntario; sin embargo, la falta de cierta informaci\u00f3n podr\u00eda limitar nuestra capacidad para prestarle el servicio solicitado. Al continuar navegando en nuestro sitio web, se considera que usted acepta nuestros t\u00e9rminos de privacidad.<\/p><p data-path-to-node=\"10\"><b>7. Contacto<\/b> Si tiene alguna pregunta sobre c\u00f3mo manejamos su informaci\u00f3n personal o sobre esta pol\u00edtica de privacidad, por favor comun\u00edquese con nosotros a trav\u00e9s de nuestros canales oficiales de atenci\u00f3n.<\/p>\t\t\t\t\t\t\t\t<\/div>\n\t\t\t\t<\/div>\n\t\t\t\t\t<\/div>\n\t\t<\/div>\n\t\t\t\t\t<\/div>\n\t\t<\/section>\n\t\t\t\t<\/div>","protected":false},"excerpt":{"rendered":"<p>1. Introducci\u00f3n En Joyer\u00eda La Joya (www.joyerialajoya.com), reconocemos la importancia de proteger su privacidad y la confidencialidad de sus datos personales. Esta pol\u00edtica detalla c\u00f3mo recopilamos, utilizamos y protegemos la informaci\u00f3n que usted nos conf\u00eda al utilizar nuestros servicios. 2. Uso de la Informaci\u00f3n La informaci\u00f3n que usted nos proporciona ser\u00e1 utilizada \u00fanica y exclusivamente [&hellip;]<\/p>\n","protected":false},"author":2,"featured_media":0,"parent":0,"menu_order":0,"comment_status":"closed","ping_status":"closed","template":"","meta":{"_acf_changed":false,"_monsterinsights_skip_tracking":false,"_monsterinsights_sitenote_active":false,"_monsterinsights_sitenote_note":"","_monsterinsights_sitenote_category":0,"site-sidebar-layout":"default","site-content-layout":"","ast-site-content-layout":"default","site-content-style":"default","site-sidebar-style":"default","ast-global-header-display":"","ast-banner-title-visibility":"","ast-main-header-display":"","ast-hfb-above-header-display":"","ast-hfb-below-header-display":"","ast-hfb-mobile-header-display":"","site-post-title":"","ast-breadcrumbs-content":"","ast-featured-img":"","footer-sml-layout":"","ast-disable-related-posts":"","theme-transparent-header-meta":"","adv-header-id-meta":"","stick-header-meta":"","header-above-stick-meta":"","header-main-stick-meta":"","header-below-stick-meta":"","astra-migrate-meta-layouts":"default","ast-page-background-enabled":"default","ast-page-background-meta":{"desktop":{"background-color":"var(--ast-global-color-4)","background-image":"","background-repeat":"repeat","background-position":"center center","background-size":"auto","background-attachment":"scroll","background-type":"","background-media":"","overlay-type":"","overlay-color":"","overlay-opacity":"","overlay-gradient":""},"tablet":{"background-color":"","background-image":"","background-repeat":"repeat","background-position":"center center","background-size":"auto","background-attachment":"scroll","background-type":"","background-media":"","overlay-type":"","overlay-color":"","overlay-opacity":"","overlay-gradient":""},"mobile":{"background-color":"","background-image":"","background-repeat":"repeat","background-position":"center center","background-size":"auto","background-attachment":"scroll","background-type":"","background-media":"","overlay-type":"","overlay-color":"","overlay-opacity":"","overlay-gradient":""}},"ast-content-background-meta":{"desktop":{"background-color":"var(--ast-global-color-5)","background-image":"","background-repeat":"repeat","background-position":"center center","background-size":"auto","background-attachment":"scroll","background-type":"","background-media":"","overlay-type":"","overlay-color":"","overlay-opacity":"","overlay-gradient":""},"tablet":{"background-color":"var(--ast-global-color-5)","background-image":"","background-repeat":"repeat","background-position":"center center","background-size":"auto","background-attachment":"scroll","background-type":"","background-media":"","overlay-type":"","overlay-color":"","overlay-opacity":"","overlay-gradient":""},"mobile":{"background-color":"var(--ast-global-color-5)","background-image":"","background-repeat":"repeat","background-position":"center center","background-size":"auto","background-attachment":"scroll","background-type":"","background-media":"","overlay-type":"","overlay-color":"","overlay-opacity":"","overlay-gradient":""}},"footnotes":""},"class_list":["post-1498","page","type-page","status-publish","hentry"],"acf":[],"_links":{"self":[{"href":"https:\/\/www.joyerialajoya.com\/en\/wp-json\/wp\/v2\/pages\/1498","targetHints":{"allow":["GET"]}}],"collection":[{"href":"https:\/\/www.joyerialajoya.com\/en\/wp-json\/wp\/v2\/pages"}],"about":[{"href":"https:\/\/www.joyerialajoya.com\/en\/wp-json\/wp\/v2\/types\/page"}],"author":[{"embeddable":true,"href":"https:\/\/www.joyerialajoya.com\/en\/wp-json\/wp\/v2\/users\/2"}],"replies":[{"embeddable":true,"href":"https:\/\/www.joyerialajoya.com\/en\/wp-json\/wp\/v2\/comments?post=1498"}],"version-history":[{"count":13,"href":"https:\/\/www.joyerialajoya.com\/en\/wp-json\/wp\/v2\/pages\/1498\/revisions"}],"predecessor-version":[{"id":26525,"href":"https:\/\/www.joyerialajoya.com\/en\/wp-json\/wp\/v2\/pages\/1498\/revisions\/26525"}],"wp:attachment":[{"href":"https:\/\/www.joyerialajoya.com\/en\/wp-json\/wp\/v2\/media?parent=1498"}],"curies":[{"name":"wp","href":"https:\/\/api.w.org\/{rel}","templated":true}]}}