{"id":11182,"date":"2023-04-10T15:48:09","date_gmt":"2023-04-10T15:48:09","guid":{"rendered":"https:\/\/www.joyerialajoya.com\/?post_type=product&#038;p=11182"},"modified":"2023-04-10T15:49:58","modified_gmt":"2023-04-10T15:49:58","slug":"tudor-black-bay","status":"publish","type":"product","link":"https:\/\/www.joyerialajoya.com\/en\/product\/tudor-black-bay\/","title":{"rendered":"TUDOR BLACK BAY"},"content":{"rendered":"<p>TUDOR presenta el nuevo Black Bay, la \u00faltima evoluci\u00f3n t\u00e9cnica y est\u00e9tica del emblem\u00e1tico reloj de submarinismo con un bisel burdeos. Representando lo \u00faltimo de Black Bay, este modelo presenta elementos de dise\u00f1o evolucionados, un cierre \u00abT\u2011fit\u00bb y la Certificaci\u00f3n <em>Master Chronometer<\/em> otorgada por el METAS.<\/p>\n<p>El Black Bay original se present\u00f3 por primera vez en\u00a02012 con un bisel burdeos y recibi\u00f3 el tratamiento de Calibre de Manufactura en\u00a02016. Ahora regresa con una tercera evoluci\u00f3n que presagia el futuro est\u00e9tico y t\u00e9cnico de la l\u00ednea. Denominado Black Bay, este dise\u00f1o emblem\u00e1tico de la colecci\u00f3n TUDOR es otro ejemplo del dominio experto de TUDOR de uno de los est\u00e1ndares m\u00e1s exigentes de la industria en t\u00e9rminos de cronometr\u00eda y resistencia a los campos magn\u00e9ticos. Probado por el Instituto Federal Suizo de Metrolog\u00eda o METAS, el Black Bay a\u00fana tecnolog\u00eda relojera de vanguardia con elementos de dise\u00f1o inspirados en un legado de casi siete d\u00e9cadas de TUDOR en la creaci\u00f3n de robustos relojes de submarinismo profesional.<\/p>","protected":false},"excerpt":{"rendered":"<ul>\n<li>CAJA: Caja de 41 mm de acero inoxidable, acabado pulido y satinado<\/li>\n<li>BISEL: Bisel unidireccional 60 minutos de acero inoxidable con pieza de aluminio<\/li>\n<li>CORONA: Corona a rosca de acero inoxidable con la rosa de TUDOR en relieve<\/li>\n<li>ESFERA: Negra, abombada<\/li>\n<li>CRISTAL: Cristal de zafiro abombado<\/li>\n<li>HERMETICIDAD: Herm\u00e9tico hasta 200 m<\/li>\n<li>BRAZALETE: Brazaletes de acero inoxidable de tres o cinco eslabones con acabado pulido y satinado, o correa de caucho, todos con el cierre de TUDOR \u00abT fit\u00bb<\/li>\n<li>MOVIMIENTO: Calibre de Manufactura MT5602-U: Movimiento mec\u00e1nico de cuerda autom\u00e1tica con rotor bidireccional<\/li>\n<\/ul>","protected":false},"featured_media":11183,"comment_status":"closed","ping_status":"closed","template":"","meta":{"_monsterinsights_skip_tracking":false,"_monsterinsights_sitenote_active":false,"_monsterinsights_sitenote_note":"","_monsterinsights_sitenote_category":0,"site-sidebar-layout":"default","site-content-layout":"","ast-site-content-layout":"default","site-content-style":"default","site-sidebar-style":"default","ast-global-header-display":"","ast-banner-title-visibility":"","ast-main-header-display":"","ast-hfb-above-header-display":"","ast-hfb-below-header-display":"","ast-hfb-mobile-header-display":"","site-post-title":"","ast-breadcrumbs-content":"","ast-featured-img":"","footer-sml-layout":"","ast-disable-related-posts":"","theme-transparent-header-meta":"","adv-header-id-meta":"","stick-header-meta":"","header-above-stick-meta":"","header-main-stick-meta":"","header-below-stick-meta":"","astra-migrate-meta-layouts":"default","ast-page-background-enabled":"default","ast-page-background-meta":{"desktop":{"background-color":"var(--ast-global-color-4)","background-image":"","background-repeat":"repeat","background-position":"center center","background-size":"auto","background-attachment":"scroll","background-type":"","background-media":"","overlay-type":"","overlay-color":"","overlay-opacity":"","overlay-gradient":""},"tablet":{"background-color":"","background-image":"","background-repeat":"repeat","background-position":"center center","background-size":"auto","background-attachment":"scroll","background-type":"","background-media":"","overlay-type":"","overlay-color":"","overlay-opacity":"","overlay-gradient":""},"mobile":{"background-color":"","background-image":"","background-repeat":"repeat","background-position":"center center","background-size":"auto","background-attachment":"scroll","background-type":"","background-media":"","overlay-type":"","overlay-color":"","overlay-opacity":"","overlay-gradient":""}},"ast-content-background-meta":{"desktop":{"background-color":"var(--ast-global-color-5)","background-image":"","background-repeat":"repeat","background-position":"center center","background-size":"auto","background-attachment":"scroll","background-type":"","background-media":"","overlay-type":"","overlay-color":"","overlay-opacity":"","overlay-gradient":""},"tablet":{"background-color":"var(--ast-global-color-5)","background-image":"","background-repeat":"repeat","background-position":"center center","background-size":"auto","background-attachment":"scroll","background-type":"","background-media":"","overlay-type":"","overlay-color":"","overlay-opacity":"","overlay-gradient":""},"mobile":{"background-color":"var(--ast-global-color-5)","background-image":"","background-repeat":"repeat","background-position":"center center","background-size":"auto","background-attachment":"scroll","background-type":"","background-media":"","overlay-type":"","overlay-color":"","overlay-opacity":"","overlay-gradient":""}}},"product_brand":[],"product_cat":[64,41],"product_tag":[],"class_list":{"0":"post-11182","1":"product","2":"type-product","3":"status-publish","4":"has-post-thumbnail","6":"product_cat-black-bay","7":"product_cat-tudor","8":"desktop-align-center","9":"tablet-align-left","10":"mobile-align-center","11":"ast-product-gallery-layout-vertical-slider","12":"ast-product-tabs-layout-distributed","14":"first","15":"instock","16":"shipping-taxable","17":"product-type-simple"},"_links":{"self":[{"href":"https:\/\/www.joyerialajoya.com\/en\/wp-json\/wp\/v2\/product\/11182","targetHints":{"allow":["GET"]}}],"collection":[{"href":"https:\/\/www.joyerialajoya.com\/en\/wp-json\/wp\/v2\/product"}],"about":[{"href":"https:\/\/www.joyerialajoya.com\/en\/wp-json\/wp\/v2\/types\/product"}],"replies":[{"embeddable":true,"href":"https:\/\/www.joyerialajoya.com\/en\/wp-json\/wp\/v2\/comments?post=11182"}],"version-history":[{"count":0,"href":"https:\/\/www.joyerialajoya.com\/en\/wp-json\/wp\/v2\/product\/11182\/revisions"}],"wp:featuredmedia":[{"embeddable":true,"href":"https:\/\/www.joyerialajoya.com\/en\/wp-json\/wp\/v2\/media\/11183"}],"wp:attachment":[{"href":"https:\/\/www.joyerialajoya.com\/en\/wp-json\/wp\/v2\/media?parent=11182"}],"wp:term":[{"taxonomy":"product_brand","embeddable":true,"href":"https:\/\/www.joyerialajoya.com\/en\/wp-json\/wp\/v2\/product_brand?post=11182"},{"taxonomy":"product_cat","embeddable":true,"href":"https:\/\/www.joyerialajoya.com\/en\/wp-json\/wp\/v2\/product_cat?post=11182"},{"taxonomy":"product_tag","embeddable":true,"href":"https:\/\/www.joyerialajoya.com\/en\/wp-json\/wp\/v2\/product_tag?post=11182"}],"curies":[{"name":"wp","href":"https:\/\/api.w.org\/{rel}","templated":true}]}}