{"id":11214,"date":"2023-04-11T15:19:25","date_gmt":"2023-04-11T15:19:25","guid":{"rendered":"https:\/\/www.joyerialajoya.com\/?post_type=product&#038;p=11214"},"modified":"2024-01-26T16:29:31","modified_gmt":"2024-01-26T16:29:31","slug":"tudor-black-bay-54","status":"publish","type":"product","link":"https:\/\/www.joyerialajoya.com\/en\/product\/tudor-black-bay-54\/","title":{"rendered":"TUDOR BLACK BAY 54"},"content":{"rendered":"<p>TUDOR presenta un nuevo miembro de la l\u00ednea Black Bay que encarna la expresi\u00f3n m\u00e1s pura y moderna del primer reloj de submarinismo de la marca. En 1954 se present\u00f3 la referencia 7922. Hoy, el Black Bay 54 recuerda este modelo con una caja de 37 mm y un Calibre de Manufactura.<\/p>\n<p>Mientras que la l\u00ednea Black Bay hace referencia a una gama de los primeros relojes de submarinismo de TUDOR, el nuevo Black Bay\u00a054 es el ejemplo m\u00e1s fiel del primer reloj de submarinismo de TUDOR, la referencia\u00a07922. La caja de 37\u00a0mm mantiene las proporciones cl\u00e1sicas de anta\u00f1o y aun as\u00ed posee la proeza t\u00e9cnica del Calibre de Manufactura MT5400 de TUDOR y un grado de profundidad de 200 m. Como es de esperar, el bisel unidireccional est\u00e1 desprovisto de numerales graduados, evocando los inicios de la \u00e9poca de los a\u00f1os 50 cuando el buceo estaba en sus primeras etapas y TUDOR fabric\u00f3 un reloj para aquellos, lo suficientemente atrevidos, como para participar en este deporte en crecimiento. Los nuevos detalles est\u00e9ticos, sin embargo, no se detienen en las dimensiones de la caja y el bisel. El segundero recuerda el aspecto del original con un dise\u00f1o de piruleta. La ergonom\u00eda tambi\u00e9n ha evolucionado, con una corona y bisel redise\u00f1ados, ambos con proporciones hist\u00f3ricas.<\/p>","protected":false},"excerpt":{"rendered":"<p>Caja de 37 mm de acero inoxidable, acabado pulido y satinado, Bisel unidireccional 60 minutos de acero inoxidable con pieza de aluminio sin graduaci\u00f3n de minutos, Corona a rosca de acero inoxidable con la rosa de TUDOR en relieve, Esfera Negra, abombada, Cristal de zafiro abombado,\u00a0 Herm\u00e9tico hasta 200m,\u00a0 Brazalete de acero inoxidable de tres eslabones con acabado pulido y satinado, o correa de caucho, ambos con el cierre de TUDOR \u00abT fit\u00bb, Calibre de Manufactura MT5400 (COSC) Movimiento mec\u00e1nico de cuerda autom\u00e1tica con rotor bidireccional<\/p>","protected":false},"featured_media":11215,"comment_status":"closed","ping_status":"closed","template":"","meta":{"_monsterinsights_skip_tracking":false,"_monsterinsights_sitenote_active":false,"_monsterinsights_sitenote_note":"","_monsterinsights_sitenote_category":0,"site-sidebar-layout":"default","site-content-layout":"","ast-site-content-layout":"default","site-content-style":"default","site-sidebar-style":"default","ast-global-header-display":"","ast-banner-title-visibility":"","ast-main-header-display":"","ast-hfb-above-header-display":"","ast-hfb-below-header-display":"","ast-hfb-mobile-header-display":"","site-post-title":"","ast-breadcrumbs-content":"","ast-featured-img":"","footer-sml-layout":"","ast-disable-related-posts":"","theme-transparent-header-meta":"default","adv-header-id-meta":"","stick-header-meta":"","header-above-stick-meta":"","header-main-stick-meta":"","header-below-stick-meta":"","astra-migrate-meta-layouts":"set","ast-page-background-enabled":"default","ast-page-background-meta":{"desktop":{"background-color":"var(--ast-global-color-4)","background-image":"","background-repeat":"repeat","background-position":"center center","background-size":"auto","background-attachment":"scroll","background-type":"","background-media":"","overlay-type":"","overlay-color":"","overlay-opacity":"","overlay-gradient":""},"tablet":{"background-color":"","background-image":"","background-repeat":"repeat","background-position":"center center","background-size":"auto","background-attachment":"scroll","background-type":"","background-media":"","overlay-type":"","overlay-color":"","overlay-opacity":"","overlay-gradient":""},"mobile":{"background-color":"","background-image":"","background-repeat":"repeat","background-position":"center center","background-size":"auto","background-attachment":"scroll","background-type":"","background-media":"","overlay-type":"","overlay-color":"","overlay-opacity":"","overlay-gradient":""}},"ast-content-background-meta":{"desktop":{"background-color":"var(--ast-global-color-5)","background-image":"","background-repeat":"repeat","background-position":"center center","background-size":"auto","background-attachment":"scroll","background-type":"","background-media":"","overlay-type":"","overlay-color":"","overlay-opacity":"","overlay-gradient":""},"tablet":{"background-color":"var(--ast-global-color-5)","background-image":"","background-repeat":"repeat","background-position":"center center","background-size":"auto","background-attachment":"scroll","background-type":"","background-media":"","overlay-type":"","overlay-color":"","overlay-opacity":"","overlay-gradient":""},"mobile":{"background-color":"var(--ast-global-color-5)","background-image":"","background-repeat":"repeat","background-position":"center center","background-size":"auto","background-attachment":"scroll","background-type":"","background-media":"","overlay-type":"","overlay-color":"","overlay-opacity":"","overlay-gradient":""}}},"product_brand":[],"product_cat":[64,41],"product_tag":[],"class_list":{"0":"post-11214","1":"product","2":"type-product","3":"status-publish","4":"has-post-thumbnail","6":"product_cat-black-bay","7":"product_cat-tudor","8":"desktop-align-center","9":"tablet-align-left","10":"mobile-align-center","11":"ast-product-gallery-layout-vertical-slider","12":"ast-product-tabs-layout-distributed","14":"first","15":"instock","16":"shipping-taxable","17":"product-type-simple"},"_links":{"self":[{"href":"https:\/\/www.joyerialajoya.com\/en\/wp-json\/wp\/v2\/product\/11214","targetHints":{"allow":["GET"]}}],"collection":[{"href":"https:\/\/www.joyerialajoya.com\/en\/wp-json\/wp\/v2\/product"}],"about":[{"href":"https:\/\/www.joyerialajoya.com\/en\/wp-json\/wp\/v2\/types\/product"}],"replies":[{"embeddable":true,"href":"https:\/\/www.joyerialajoya.com\/en\/wp-json\/wp\/v2\/comments?post=11214"}],"version-history":[{"count":2,"href":"https:\/\/www.joyerialajoya.com\/en\/wp-json\/wp\/v2\/product\/11214\/revisions"}],"predecessor-version":[{"id":15762,"href":"https:\/\/www.joyerialajoya.com\/en\/wp-json\/wp\/v2\/product\/11214\/revisions\/15762"}],"wp:featuredmedia":[{"embeddable":true,"href":"https:\/\/www.joyerialajoya.com\/en\/wp-json\/wp\/v2\/media\/11215"}],"wp:attachment":[{"href":"https:\/\/www.joyerialajoya.com\/en\/wp-json\/wp\/v2\/media?parent=11214"}],"wp:term":[{"taxonomy":"product_brand","embeddable":true,"href":"https:\/\/www.joyerialajoya.com\/en\/wp-json\/wp\/v2\/product_brand?post=11214"},{"taxonomy":"product_cat","embeddable":true,"href":"https:\/\/www.joyerialajoya.com\/en\/wp-json\/wp\/v2\/product_cat?post=11214"},{"taxonomy":"product_tag","embeddable":true,"href":"https:\/\/www.joyerialajoya.com\/en\/wp-json\/wp\/v2\/product_tag?post=11214"}],"curies":[{"name":"wp","href":"https:\/\/api.w.org\/{rel}","templated":true}]}}