{"id":11236,"date":"2023-04-24T15:38:50","date_gmt":"2023-04-24T15:38:50","guid":{"rendered":"https:\/\/www.joyerialajoya.com\/?post_type=product&#038;p=11236"},"modified":"2024-01-16T16:34:27","modified_gmt":"2024-01-16T16:34:27","slug":"tudor-black-bay-gmt-2","status":"publish","type":"product","link":"https:\/\/www.joyerialajoya.com\/en\/product\/tudor-black-bay-gmt-2\/","title":{"rendered":"TUDOR BLACK BAY GMT"},"content":{"rendered":"<p>TUDOR est\u00e1 ampliando la l\u00ednea Black Bay GMT con una nueva y enigm\u00e1tica esfera opalina que combina con el caracter\u00edstico bisel burdeos y azul. Tambi\u00e9n est\u00e1 equipado con un Calibre de Manufactura inalterable.<\/p>\n<p>El TUDOR Black Bay GMT est\u00e1 realizado en los materiales adecuados. En primer lugar, muestra una complicaci\u00f3n de m\u00faltiples husos horarios incre\u00edblemente \u00fatil, tambi\u00e9n conocida como funci\u00f3n GMT, que indica, adem\u00e1s de la hora local, la hora en otros dos husos horarios. Reconocible por su bisel giratorio, cuyos colores azul oscuro y burdeos provienen de otros modelos de la l\u00ednea Black Bay pero en versi\u00f3n mate, el Black Bay GMT es un gui\u00f1o a los inicios de esta exitosa est\u00e9tica.<\/p>\n<p>Ahora TUDOR ha a\u00f1adido la opci\u00f3n de una novedosa esfera opalina que complementa perfectamente la emblem\u00e1tica gama de colores del Black Bay GMT. La opalina no es del todo blanca, le otorga un ligero toque plateado a la esfera. Mediante un proceso galv\u00e1nico, se aplica a la esfera un acabado blanco gris\u00e1ceo mate, y los marcadores de alrededor se oscurecen para crear un notorio contraste. M\u00e1s all\u00e1 de ser un recuerdo del auge de la aviaci\u00f3n comercial de mediados de siglo, la fascinante esfera opalina es altamente legible.<\/p>","protected":false},"excerpt":{"rendered":"<p>Caja: caja de acero 41 mm, acabado pulido y satinado; di\u00e1metro: 41mm; bisel: bisel giratorio bidireccional de acero con 48 muescas, disco de aluminio anodizado en azul mate y burdeos mate, graduado con 24 horas; movimiento: calibre de manufactura mt5652 (cosc) movimiento mec\u00e1nico de cuerda autom\u00e1tica con rotor bidireccional ingenier\u00eda exclusiva; dial: negra, abombada; tama\u00f1o: grande.<\/p>","protected":false},"featured_media":15732,"comment_status":"closed","ping_status":"closed","template":"","meta":{"_monsterinsights_skip_tracking":false,"_monsterinsights_sitenote_active":false,"_monsterinsights_sitenote_note":"","_monsterinsights_sitenote_category":0,"site-sidebar-layout":"default","site-content-layout":"","ast-site-content-layout":"default","site-content-style":"default","site-sidebar-style":"default","ast-global-header-display":"","ast-banner-title-visibility":"","ast-main-header-display":"","ast-hfb-above-header-display":"","ast-hfb-below-header-display":"","ast-hfb-mobile-header-display":"","site-post-title":"","ast-breadcrumbs-content":"","ast-featured-img":"","footer-sml-layout":"","ast-disable-related-posts":"","theme-transparent-header-meta":"default","adv-header-id-meta":"","stick-header-meta":"","header-above-stick-meta":"","header-main-stick-meta":"","header-below-stick-meta":"","astra-migrate-meta-layouts":"set","ast-page-background-enabled":"default","ast-page-background-meta":{"desktop":{"background-color":"var(--ast-global-color-4)","background-image":"","background-repeat":"repeat","background-position":"center center","background-size":"auto","background-attachment":"scroll","background-type":"","background-media":"","overlay-type":"","overlay-color":"","overlay-opacity":"","overlay-gradient":""},"tablet":{"background-color":"","background-image":"","background-repeat":"repeat","background-position":"center center","background-size":"auto","background-attachment":"scroll","background-type":"","background-media":"","overlay-type":"","overlay-color":"","overlay-opacity":"","overlay-gradient":""},"mobile":{"background-color":"","background-image":"","background-repeat":"repeat","background-position":"center center","background-size":"auto","background-attachment":"scroll","background-type":"","background-media":"","overlay-type":"","overlay-color":"","overlay-opacity":"","overlay-gradient":""}},"ast-content-background-meta":{"desktop":{"background-color":"var(--ast-global-color-5)","background-image":"","background-repeat":"repeat","background-position":"center center","background-size":"auto","background-attachment":"scroll","background-type":"","background-media":"","overlay-type":"","overlay-color":"","overlay-opacity":"","overlay-gradient":""},"tablet":{"background-color":"var(--ast-global-color-5)","background-image":"","background-repeat":"repeat","background-position":"center center","background-size":"auto","background-attachment":"scroll","background-type":"","background-media":"","overlay-type":"","overlay-color":"","overlay-opacity":"","overlay-gradient":""},"mobile":{"background-color":"var(--ast-global-color-5)","background-image":"","background-repeat":"repeat","background-position":"center center","background-size":"auto","background-attachment":"scroll","background-type":"","background-media":"","overlay-type":"","overlay-color":"","overlay-opacity":"","overlay-gradient":""}}},"product_brand":[],"product_cat":[64,41],"product_tag":[],"class_list":{"0":"post-11236","1":"product","2":"type-product","3":"status-publish","4":"has-post-thumbnail","6":"product_cat-black-bay","7":"product_cat-tudor","8":"desktop-align-center","9":"tablet-align-left","10":"mobile-align-center","11":"ast-product-gallery-layout-vertical-slider","12":"ast-product-tabs-layout-distributed","14":"first","15":"instock","16":"shipping-taxable","17":"product-type-simple"},"_links":{"self":[{"href":"https:\/\/www.joyerialajoya.com\/en\/wp-json\/wp\/v2\/product\/11236","targetHints":{"allow":["GET"]}}],"collection":[{"href":"https:\/\/www.joyerialajoya.com\/en\/wp-json\/wp\/v2\/product"}],"about":[{"href":"https:\/\/www.joyerialajoya.com\/en\/wp-json\/wp\/v2\/types\/product"}],"replies":[{"embeddable":true,"href":"https:\/\/www.joyerialajoya.com\/en\/wp-json\/wp\/v2\/comments?post=11236"}],"version-history":[{"count":1,"href":"https:\/\/www.joyerialajoya.com\/en\/wp-json\/wp\/v2\/product\/11236\/revisions"}],"predecessor-version":[{"id":15729,"href":"https:\/\/www.joyerialajoya.com\/en\/wp-json\/wp\/v2\/product\/11236\/revisions\/15729"}],"wp:featuredmedia":[{"embeddable":true,"href":"https:\/\/www.joyerialajoya.com\/en\/wp-json\/wp\/v2\/media\/15732"}],"wp:attachment":[{"href":"https:\/\/www.joyerialajoya.com\/en\/wp-json\/wp\/v2\/media?parent=11236"}],"wp:term":[{"taxonomy":"product_brand","embeddable":true,"href":"https:\/\/www.joyerialajoya.com\/en\/wp-json\/wp\/v2\/product_brand?post=11236"},{"taxonomy":"product_cat","embeddable":true,"href":"https:\/\/www.joyerialajoya.com\/en\/wp-json\/wp\/v2\/product_cat?post=11236"},{"taxonomy":"product_tag","embeddable":true,"href":"https:\/\/www.joyerialajoya.com\/en\/wp-json\/wp\/v2\/product_tag?post=11236"}],"curies":[{"name":"wp","href":"https:\/\/api.w.org\/{rel}","templated":true}]}}