{"id":15674,"date":"2024-01-15T16:46:54","date_gmt":"2024-01-15T16:46:54","guid":{"rendered":"https:\/\/www.joyerialajoya.com\/?post_type=product&#038;p=15674"},"modified":"2024-01-15T16:51:19","modified_gmt":"2024-01-15T16:51:19","slug":"tudor-1926","status":"publish","type":"product","link":"https:\/\/www.joyerialajoya.com\/en\/product\/tudor-1926\/","title":{"rendered":"TUDOR 1926"},"content":{"rendered":"<p class=\"Section-title P5Model\">TUDOR 1926<\/p>\n<p class=\"Description P2Model\">ESFERA COLOR CLARO<\/p>\n<p class=\"Description P2Model\">REF:M91650-0005<\/p>\n<p class=\"Description P7Model\">SKU: 91650<\/p>\n<p class=\"Section-title P5Model\">MODELO<\/p>\n<p class=\"Description P7Model\">TUDOR 1926 M91650-0005<\/p>\n<p class=\"Section-title P5Model\">FUNCIONES<\/p>\n<p class=\"Description P7Model\">Herm\u00e9tico hasta 100 m, Movimiento mec\u00e1nico de cuerda autom\u00e1tica, Calibre T601, Caja de acero, 41 mm, acabado pulido.<\/p>\n<p class=\"Section-title P5Model\">CARACTER\u00cdSTICAS<\/p>\n<p class=\"Description P7Model\">Bisel liso de acero, acabado pulido, Cristal de zafiro, Corona a rosca de acero con el logo de TUDOR en relieve.<\/p>","protected":false},"excerpt":{"rendered":"<p>Caja: caja de acero, 41 mm, acabado pulido; di\u00e1metro: 41mm; bisel: bisel liso de acero, acabado pulido; movimiento: movimiento mec\u00e1nico de cuerda autom\u00e1tica, calibre t601; dial: opalina, decorada con elementos grabados, abombada; tama\u00f1o: grande<\/p>","protected":false},"featured_media":15676,"comment_status":"closed","ping_status":"closed","template":"","meta":{"_monsterinsights_skip_tracking":false,"_monsterinsights_sitenote_active":false,"_monsterinsights_sitenote_note":"","_monsterinsights_sitenote_category":0,"site-sidebar-layout":"default","site-content-layout":"","ast-site-content-layout":"default","site-content-style":"default","site-sidebar-style":"default","ast-global-header-display":"","ast-banner-title-visibility":"","ast-main-header-display":"","ast-hfb-above-header-display":"","ast-hfb-below-header-display":"","ast-hfb-mobile-header-display":"","site-post-title":"","ast-breadcrumbs-content":"","ast-featured-img":"","footer-sml-layout":"","ast-disable-related-posts":"","theme-transparent-header-meta":"default","adv-header-id-meta":"","stick-header-meta":"","header-above-stick-meta":"","header-main-stick-meta":"","header-below-stick-meta":"","astra-migrate-meta-layouts":"set","ast-page-background-enabled":"default","ast-page-background-meta":{"desktop":{"background-color":"var(--ast-global-color-4)","background-image":"","background-repeat":"repeat","background-position":"center center","background-size":"auto","background-attachment":"scroll","background-type":"","background-media":"","overlay-type":"","overlay-color":"","overlay-opacity":"","overlay-gradient":""},"tablet":{"background-color":"","background-image":"","background-repeat":"repeat","background-position":"center center","background-size":"auto","background-attachment":"scroll","background-type":"","background-media":"","overlay-type":"","overlay-color":"","overlay-opacity":"","overlay-gradient":""},"mobile":{"background-color":"","background-image":"","background-repeat":"repeat","background-position":"center center","background-size":"auto","background-attachment":"scroll","background-type":"","background-media":"","overlay-type":"","overlay-color":"","overlay-opacity":"","overlay-gradient":""}},"ast-content-background-meta":{"desktop":{"background-color":"var(--ast-global-color-5)","background-image":"","background-repeat":"repeat","background-position":"center center","background-size":"auto","background-attachment":"scroll","background-type":"","background-media":"","overlay-type":"","overlay-color":"","overlay-opacity":"","overlay-gradient":""},"tablet":{"background-color":"var(--ast-global-color-5)","background-image":"","background-repeat":"repeat","background-position":"center center","background-size":"auto","background-attachment":"scroll","background-type":"","background-media":"","overlay-type":"","overlay-color":"","overlay-opacity":"","overlay-gradient":""},"mobile":{"background-color":"var(--ast-global-color-5)","background-image":"","background-repeat":"repeat","background-position":"center center","background-size":"auto","background-attachment":"scroll","background-type":"","background-media":"","overlay-type":"","overlay-color":"","overlay-opacity":"","overlay-gradient":""}}},"product_brand":[],"product_cat":[41],"product_tag":[],"class_list":{"0":"post-15674","1":"product","2":"type-product","3":"status-publish","4":"has-post-thumbnail","6":"product_cat-tudor","7":"desktop-align-center","8":"tablet-align-left","9":"mobile-align-center","10":"ast-product-gallery-layout-vertical-slider","11":"ast-product-tabs-layout-distributed","13":"first","14":"instock","15":"shipping-taxable","16":"product-type-simple"},"_links":{"self":[{"href":"https:\/\/www.joyerialajoya.com\/en\/wp-json\/wp\/v2\/product\/15674","targetHints":{"allow":["GET"]}}],"collection":[{"href":"https:\/\/www.joyerialajoya.com\/en\/wp-json\/wp\/v2\/product"}],"about":[{"href":"https:\/\/www.joyerialajoya.com\/en\/wp-json\/wp\/v2\/types\/product"}],"replies":[{"embeddable":true,"href":"https:\/\/www.joyerialajoya.com\/en\/wp-json\/wp\/v2\/comments?post=15674"}],"version-history":[{"count":3,"href":"https:\/\/www.joyerialajoya.com\/en\/wp-json\/wp\/v2\/product\/15674\/revisions"}],"predecessor-version":[{"id":15707,"href":"https:\/\/www.joyerialajoya.com\/en\/wp-json\/wp\/v2\/product\/15674\/revisions\/15707"}],"wp:featuredmedia":[{"embeddable":true,"href":"https:\/\/www.joyerialajoya.com\/en\/wp-json\/wp\/v2\/media\/15676"}],"wp:attachment":[{"href":"https:\/\/www.joyerialajoya.com\/en\/wp-json\/wp\/v2\/media?parent=15674"}],"wp:term":[{"taxonomy":"product_brand","embeddable":true,"href":"https:\/\/www.joyerialajoya.com\/en\/wp-json\/wp\/v2\/product_brand?post=15674"},{"taxonomy":"product_cat","embeddable":true,"href":"https:\/\/www.joyerialajoya.com\/en\/wp-json\/wp\/v2\/product_cat?post=15674"},{"taxonomy":"product_tag","embeddable":true,"href":"https:\/\/www.joyerialajoya.com\/en\/wp-json\/wp\/v2\/product_tag?post=15674"}],"curies":[{"name":"wp","href":"https:\/\/api.w.org\/{rel}","templated":true}]}}