{"id":15990,"date":"2024-04-09T17:31:09","date_gmt":"2024-04-09T17:31:09","guid":{"rendered":"https:\/\/www.joyerialajoya.com\/?post_type=product&#038;p=15990"},"modified":"2024-04-10T16:09:21","modified_gmt":"2024-04-10T16:09:21","slug":"tudor-black-bay-58-18k","status":"publish","type":"product","link":"https:\/\/www.joyerialajoya.com\/en\/product\/tudor-black-bay-58-18k\/","title":{"rendered":"TUDOR BLACK BAY 58 18K"},"content":{"rendered":"<p>CARACTER\u00cdSTICAS DEL RELOJ<br \/>\nReferencia: M79018V-0006<\/p>\n<p>Garant\u00eda de cinco a\u00f1os<br \/>\nGarant\u00eda transferible de cinco a\u00f1os sin necesidad de registro ni de revisiones de mantenimiento peri\u00f3dicas<\/p>\n<p>Caja<br \/>\nCaja de oro amarillo de 18 quilates, 39 mm, acabado satinado<br \/>\nFondo abierto con cristal de zafiro<\/p>\n<p>Asas: 20 mm de ancho<\/p>\n<p>Grosor de la caja: 12.7 mm<\/p>\n<p>Movimiento<br \/>\nCalibre de Manufactura MT5400 (COSC)<br \/>\nMovimiento mec\u00e1nico de cuerda autom\u00e1tica con rotor bidireccional<\/p>\n<p>Reserva de marcha<br \/>\nReserva de marcha de aprox. 70 horas<\/p>\n<p>Corona<br \/>\nCorona a rosca de oro amarillo de 18 quilates, con la rosa de TUDOR en relieve y tubo de corona circular de oro amarillo de 18 quilates satinado<\/p>\n<p>Hermeticidad<br \/>\nHerm\u00e9tico hasta 200 m<\/p>\n<p>Bisel<br \/>\nBisel giratorio unidireccional de oro amarillo de 18 quilates con disco de aluminio anodizado verde mate con graduaci\u00f3n de 60 minutos y marcas y n\u00fameros ba\u00f1ados de oro<\/p>\n<p>Esfera<br \/>\nVerde, abombada<\/p>\n<p>Cristal<br \/>\nCristal de zafiro abombado<\/p>\n<p>Brazalete<br \/>\nBrazalete de 3 eslabones de oro amarillo de 18 quilates con un acabado totalmente satinado y cierre \u00abT\u2011fit\u00bb de oro amarillo de 18 quilates<\/p>","protected":false},"excerpt":{"rendered":"<p>Calibre de Manufactura MT5400 (COSC), Caja de oro amarillo de 39 mm, Brazalete de oro amarillo<\/p>","protected":false},"featured_media":15995,"comment_status":"closed","ping_status":"closed","template":"","meta":{"_monsterinsights_skip_tracking":false,"_monsterinsights_sitenote_active":false,"_monsterinsights_sitenote_note":"","_monsterinsights_sitenote_category":0,"site-sidebar-layout":"default","site-content-layout":"","ast-site-content-layout":"default","site-content-style":"default","site-sidebar-style":"default","ast-global-header-display":"","ast-banner-title-visibility":"","ast-main-header-display":"","ast-hfb-above-header-display":"","ast-hfb-below-header-display":"","ast-hfb-mobile-header-display":"","site-post-title":"","ast-breadcrumbs-content":"","ast-featured-img":"","footer-sml-layout":"","ast-disable-related-posts":"","theme-transparent-header-meta":"default","adv-header-id-meta":"","stick-header-meta":"","header-above-stick-meta":"","header-main-stick-meta":"","header-below-stick-meta":"","astra-migrate-meta-layouts":"set","ast-page-background-enabled":"default","ast-page-background-meta":{"desktop":{"background-color":"var(--ast-global-color-4)","background-image":"","background-repeat":"repeat","background-position":"center center","background-size":"auto","background-attachment":"scroll","background-type":"","background-media":"","overlay-type":"","overlay-color":"","overlay-opacity":"","overlay-gradient":""},"tablet":{"background-color":"","background-image":"","background-repeat":"repeat","background-position":"center center","background-size":"auto","background-attachment":"scroll","background-type":"","background-media":"","overlay-type":"","overlay-color":"","overlay-opacity":"","overlay-gradient":""},"mobile":{"background-color":"","background-image":"","background-repeat":"repeat","background-position":"center center","background-size":"auto","background-attachment":"scroll","background-type":"","background-media":"","overlay-type":"","overlay-color":"","overlay-opacity":"","overlay-gradient":""}},"ast-content-background-meta":{"desktop":{"background-color":"var(--ast-global-color-5)","background-image":"","background-repeat":"repeat","background-position":"center center","background-size":"auto","background-attachment":"scroll","background-type":"","background-media":"","overlay-type":"","overlay-color":"","overlay-opacity":"","overlay-gradient":""},"tablet":{"background-color":"var(--ast-global-color-5)","background-image":"","background-repeat":"repeat","background-position":"center center","background-size":"auto","background-attachment":"scroll","background-type":"","background-media":"","overlay-type":"","overlay-color":"","overlay-opacity":"","overlay-gradient":""},"mobile":{"background-color":"var(--ast-global-color-5)","background-image":"","background-repeat":"repeat","background-position":"center center","background-size":"auto","background-attachment":"scroll","background-type":"","background-media":"","overlay-type":"","overlay-color":"","overlay-opacity":"","overlay-gradient":""}}},"product_brand":[],"product_cat":[64,41,172],"product_tag":[],"class_list":{"0":"post-15990","1":"product","2":"type-product","3":"status-publish","4":"has-post-thumbnail","6":"product_cat-black-bay","7":"product_cat-tudor","8":"product_cat-tudor-2025","9":"desktop-align-center","10":"tablet-align-left","11":"mobile-align-center","12":"ast-product-gallery-layout-vertical-slider","13":"ast-product-tabs-layout-distributed","15":"first","16":"instock","17":"shipping-taxable","18":"product-type-simple"},"_links":{"self":[{"href":"https:\/\/www.joyerialajoya.com\/en\/wp-json\/wp\/v2\/product\/15990","targetHints":{"allow":["GET"]}}],"collection":[{"href":"https:\/\/www.joyerialajoya.com\/en\/wp-json\/wp\/v2\/product"}],"about":[{"href":"https:\/\/www.joyerialajoya.com\/en\/wp-json\/wp\/v2\/types\/product"}],"replies":[{"embeddable":true,"href":"https:\/\/www.joyerialajoya.com\/en\/wp-json\/wp\/v2\/comments?post=15990"}],"version-history":[{"count":2,"href":"https:\/\/www.joyerialajoya.com\/en\/wp-json\/wp\/v2\/product\/15990\/revisions"}],"predecessor-version":[{"id":15992,"href":"https:\/\/www.joyerialajoya.com\/en\/wp-json\/wp\/v2\/product\/15990\/revisions\/15992"}],"wp:featuredmedia":[{"embeddable":true,"href":"https:\/\/www.joyerialajoya.com\/en\/wp-json\/wp\/v2\/media\/15995"}],"wp:attachment":[{"href":"https:\/\/www.joyerialajoya.com\/en\/wp-json\/wp\/v2\/media?parent=15990"}],"wp:term":[{"taxonomy":"product_brand","embeddable":true,"href":"https:\/\/www.joyerialajoya.com\/en\/wp-json\/wp\/v2\/product_brand?post=15990"},{"taxonomy":"product_cat","embeddable":true,"href":"https:\/\/www.joyerialajoya.com\/en\/wp-json\/wp\/v2\/product_cat?post=15990"},{"taxonomy":"product_tag","embeddable":true,"href":"https:\/\/www.joyerialajoya.com\/en\/wp-json\/wp\/v2\/product_tag?post=15990"}],"curies":[{"name":"wp","href":"https:\/\/api.w.org\/{rel}","templated":true}]}}