{"id":16008,"date":"2024-04-10T15:54:06","date_gmt":"2024-04-10T15:54:06","guid":{"rendered":"https:\/\/www.joyerialajoya.com\/?post_type=product&#038;p=16008"},"modified":"2024-04-10T16:14:51","modified_gmt":"2024-04-10T16:14:51","slug":"tudor-black-bay-2","status":"publish","type":"product","link":"https:\/\/www.joyerialajoya.com\/en\/product\/tudor-black-bay-2\/","title":{"rendered":"TUDOR BLACK BAY"},"content":{"rendered":"<ul>\n<li>REFERENCIA 7941A1A0NU<\/li>\n<li>CAJA: Caja de 41 mm de acero inoxidable, acabado pulido y satinado<\/li>\n<li>BISEL: Bisel unidireccional 60 minutos de acero inoxidable con disco de aluminio negro<\/li>\n<li>CORONA: Corona a rosca de acero inoxidable con la rosa de TUDOR en relieve<\/li>\n<li>ESFERA: Negra, abombada, con marcadores de hora con apliques plateados<\/li>\n<li>CRISTAL: Cristal de zafiro abombado<\/li>\n<li>HERMETICIDAD: Herm\u00e9tico hasta 200 m<\/li>\n<li>BRAZALETE: Brazalete de acero inoxidable de 3 o 5 eslabones con acabado pulido y satinado, o correa de caucho, todos con el cierre de TUDOR \u00abT fit\u00bb<\/li>\n<li>MOVIMIENTO: Calibre de Manufactura MT5602-U<br \/>\nMovimiento mec\u00e1nico de cuerda autom\u00e1tica con rotor bidireccional<\/li>\n<li>RESERVA DE MARCHA: 70 horas certificado por el METAS<\/li>\n<li>PRECISI\u00d3N: Cron\u00f3metro suizo con certificaci\u00f3n oficial del COSC<br \/>\n(Control Oficial Suizo de Cron\u00f3metros)<br \/>\nCertificaci\u00f3n Master Chronometer otorgada por el METAS<\/li>\n<li>FUNCIONES: Agujas de horas, minutos y segundos en el centro<br \/>\nFunci\u00f3n de parada del segundero para una puesta en hora precisa<\/li>\n<li>VOLANTE: Regulaci\u00f3n por tuerca de microajuste para variar la inercia del volante Espiral de silicio amagn\u00e9tico. Frecuencia: 28 800 alternancias\/hora (4 Hz)<\/li>\n<li>DI\u00c1METRO TOTAL: 31,8\u200e mm<\/li>\n<li>GROSOR: 6,5 mm<\/li>\n<li>RUB\u00cdES: 25 rub\u00edes<\/li>\n<\/ul>","protected":false},"excerpt":{"rendered":"<p>El Black Bay original se present\u00f3 por primera vez en\u00a02012 y recibi\u00f3 el tratamiento de Calibre de Manufactura en\u00a02016. Ahora se ofrece con una tercera evoluci\u00f3n que cimenta el futuro est\u00e9tico y t\u00e9cnico de la l\u00ednea. Junto con el Black Bay de tercera generaci\u00f3n con bisel burdeos, este nuevo modelo presenta un aspecto monocrom\u00e1tico con una esfera negro oscuro y marcadores de la hora con apliques y agujas rodiados para una est\u00e9tica moderna. Denominado Black Bay, este dise\u00f1o emblem\u00e1tico de la colecci\u00f3n TUDOR es otro ejemplo del dominio experto de TUDOR de uno de los est\u00e1ndares m\u00e1s exigentes de la industria en t\u00e9rminos de cronometr\u00eda y resistencia a los campos magn\u00e9ticos. Probado por el Instituto Federal Suizo de Metrolog\u00eda o METAS, el Black Bay a\u00fana tecnolog\u00eda relojera de vanguardia con elementos de dise\u00f1o inspirados en un legado de casi siete d\u00e9cadas de TUDOR en la creaci\u00f3n de robustos relojes de submarinismo profesional.<\/p>","protected":false},"featured_media":16013,"comment_status":"closed","ping_status":"closed","template":"","meta":{"_monsterinsights_skip_tracking":false,"_monsterinsights_sitenote_active":false,"_monsterinsights_sitenote_note":"","_monsterinsights_sitenote_category":0,"site-sidebar-layout":"default","site-content-layout":"","ast-site-content-layout":"default","site-content-style":"default","site-sidebar-style":"default","ast-global-header-display":"","ast-banner-title-visibility":"","ast-main-header-display":"","ast-hfb-above-header-display":"","ast-hfb-below-header-display":"","ast-hfb-mobile-header-display":"","site-post-title":"","ast-breadcrumbs-content":"","ast-featured-img":"","footer-sml-layout":"","ast-disable-related-posts":"","theme-transparent-header-meta":"default","adv-header-id-meta":"","stick-header-meta":"","header-above-stick-meta":"","header-main-stick-meta":"","header-below-stick-meta":"","astra-migrate-meta-layouts":"set","ast-page-background-enabled":"default","ast-page-background-meta":{"desktop":{"background-color":"var(--ast-global-color-4)","background-image":"","background-repeat":"repeat","background-position":"center center","background-size":"auto","background-attachment":"scroll","background-type":"","background-media":"","overlay-type":"","overlay-color":"","overlay-opacity":"","overlay-gradient":""},"tablet":{"background-color":"","background-image":"","background-repeat":"repeat","background-position":"center center","background-size":"auto","background-attachment":"scroll","background-type":"","background-media":"","overlay-type":"","overlay-color":"","overlay-opacity":"","overlay-gradient":""},"mobile":{"background-color":"","background-image":"","background-repeat":"repeat","background-position":"center center","background-size":"auto","background-attachment":"scroll","background-type":"","background-media":"","overlay-type":"","overlay-color":"","overlay-opacity":"","overlay-gradient":""}},"ast-content-background-meta":{"desktop":{"background-color":"var(--ast-global-color-5)","background-image":"","background-repeat":"repeat","background-position":"center center","background-size":"auto","background-attachment":"scroll","background-type":"","background-media":"","overlay-type":"","overlay-color":"","overlay-opacity":"","overlay-gradient":""},"tablet":{"background-color":"var(--ast-global-color-5)","background-image":"","background-repeat":"repeat","background-position":"center center","background-size":"auto","background-attachment":"scroll","background-type":"","background-media":"","overlay-type":"","overlay-color":"","overlay-opacity":"","overlay-gradient":""},"mobile":{"background-color":"var(--ast-global-color-5)","background-image":"","background-repeat":"repeat","background-position":"center center","background-size":"auto","background-attachment":"scroll","background-type":"","background-media":"","overlay-type":"","overlay-color":"","overlay-opacity":"","overlay-gradient":""}}},"product_brand":[],"product_cat":[64,41,172],"product_tag":[],"class_list":{"0":"post-16008","1":"product","2":"type-product","3":"status-publish","4":"has-post-thumbnail","6":"product_cat-black-bay","7":"product_cat-tudor","8":"product_cat-tudor-2025","9":"desktop-align-center","10":"tablet-align-left","11":"mobile-align-center","12":"ast-product-gallery-layout-vertical-slider","13":"ast-product-tabs-layout-distributed","15":"first","16":"instock","17":"shipping-taxable","18":"product-type-simple"},"_links":{"self":[{"href":"https:\/\/www.joyerialajoya.com\/en\/wp-json\/wp\/v2\/product\/16008","targetHints":{"allow":["GET"]}}],"collection":[{"href":"https:\/\/www.joyerialajoya.com\/en\/wp-json\/wp\/v2\/product"}],"about":[{"href":"https:\/\/www.joyerialajoya.com\/en\/wp-json\/wp\/v2\/types\/product"}],"replies":[{"embeddable":true,"href":"https:\/\/www.joyerialajoya.com\/en\/wp-json\/wp\/v2\/comments?post=16008"}],"version-history":[{"count":2,"href":"https:\/\/www.joyerialajoya.com\/en\/wp-json\/wp\/v2\/product\/16008\/revisions"}],"predecessor-version":[{"id":16021,"href":"https:\/\/www.joyerialajoya.com\/en\/wp-json\/wp\/v2\/product\/16008\/revisions\/16021"}],"wp:featuredmedia":[{"embeddable":true,"href":"https:\/\/www.joyerialajoya.com\/en\/wp-json\/wp\/v2\/media\/16013"}],"wp:attachment":[{"href":"https:\/\/www.joyerialajoya.com\/en\/wp-json\/wp\/v2\/media?parent=16008"}],"wp:term":[{"taxonomy":"product_brand","embeddable":true,"href":"https:\/\/www.joyerialajoya.com\/en\/wp-json\/wp\/v2\/product_brand?post=16008"},{"taxonomy":"product_cat","embeddable":true,"href":"https:\/\/www.joyerialajoya.com\/en\/wp-json\/wp\/v2\/product_cat?post=16008"},{"taxonomy":"product_tag","embeddable":true,"href":"https:\/\/www.joyerialajoya.com\/en\/wp-json\/wp\/v2\/product_tag?post=16008"}],"curies":[{"name":"wp","href":"https:\/\/api.w.org\/{rel}","templated":true}]}}