{"id":16019,"date":"2024-04-10T16:24:32","date_gmt":"2024-04-10T16:24:32","guid":{"rendered":"https:\/\/www.joyerialajoya.com\/?post_type=product&#038;p=16019"},"modified":"2024-04-10T17:04:37","modified_gmt":"2024-04-10T17:04:37","slug":"black-bay-58-gmt","status":"publish","type":"product","link":"https:\/\/www.joyerialajoya.com\/en\/product\/black-bay-58-gmt\/","title":{"rendered":"BLACK BAY 58 GMT"},"content":{"rendered":"<ul>\n<li><strong>REF. 7939G1A0NRU<\/strong><\/li>\n<li><strong>CAJA: <\/strong>Caja de 39\u00a0mm de acero inoxidable, acabados pulidos y satinados<\/li>\n<li><strong>BISEL: <\/strong>Bisel giratorio bidireccional 24\u00a0horas de acero inoxidable y disco de aluminio anodizado negro y burdeos mate<\/li>\n<li><strong>CORONA: <\/strong>Corona a rosca de acero inoxidable con la rosa de TUDOR en relieve<\/li>\n<li><strong>ESFERA: <\/strong>Negra, abombada, con marcadores de hora con apliques dorados<\/li>\n<li><strong>CRISTAL: <\/strong>Cristal de zafiro abombado<\/li>\n<li><strong>HERMETICIDAD: <\/strong>Herm\u00e9tico hasta 200\u00a0m<\/li>\n<li><strong>BRAZALETE: <\/strong>Brazalete de acero inoxidable de 3\u00a0eslabones con remaches con acabado pulido y satinado, o correa de caucho, todos con el cierre de TUDOR \u00abT\u2011fit\u00bb<\/li>\n<li><strong>MOVIMIENTO: <\/strong>Calibre de Manufactura MT5450-U (Certificado por el COSC y el METAS) Movimiento mec\u00e1nico de cuerda autom\u00e1tica con rotor bidireccional Funci\u00f3n GMT integrada<\/li>\n<li><strong>RESERVA DE MARCHA: <\/strong>65 horas certificado por el METAS<\/li>\n<li><strong>PRECISI\u00d3N: <\/strong>Cron\u00f3metro suizo con certificaci\u00f3n oficial del COSC<\/li>\n<li>(Control Oficial Suizo de Cron\u00f3metros) Certificaci\u00f3n <em>Master Chronometer<\/em> otorgada por el METAS<\/li>\n<li><strong>FUNCIONES: <\/strong>Agujas de 24\u00a0horas,\u00a0minutos, segundos y saltante en el centro<\/li>\n<li>Calendario instant\u00e1neo a las 3 horas sin gama no correctiva sincronizada en la manecilla de hora saltante, Funci\u00f3n de parada del segundero para una puesta en hora precisa<\/li>\n<li><strong>VOLANTE: <\/strong>Regulaci\u00f3n por tuerca de microajuste para variar la inercia del volante Espiral de silicio amagn\u00e9tico Frecuencia: 28\u00a0800\u00a0alternancias\/hora (4\u00a0Hz)<\/li>\n<li><strong>DI\u00c1METRO TOTAL: <\/strong>30,3\u00a0mm<\/li>\n<li><strong>GROSOR: <\/strong>6,14 mm<\/li>\n<li><strong><strong>RUB\u00cdES: <\/strong><\/strong>34 rub\u00edes<\/li>\n<\/ul>","protected":false},"excerpt":{"rendered":"<p>TUDOR introduce un modelo adicional a la l\u00ednea Black Bay, el Black Bay 58\u00a0GMT. Este modelo completamente nuevo evoca una \u00e9poca donde la novedad de viajar de forma lujosa a trav\u00e9s de husos horarios iba acompa\u00f1ada de un estilo glamuroso y elegante. Est\u00e1 equipado con el nuevo Calibre de Manufactura GMT, de tama\u00f1o mediano, combinado con tonos c\u00e1lidos burdeos, negros y dorados en el bisel. La caja universalmente atractiva del Black Bay\u00a058 se ha convertido en el sello del modelo, y ahora viene en formato GMT.<\/p>","protected":false},"featured_media":16024,"comment_status":"closed","ping_status":"closed","template":"","meta":{"_monsterinsights_skip_tracking":false,"_monsterinsights_sitenote_active":false,"_monsterinsights_sitenote_note":"","_monsterinsights_sitenote_category":0,"site-sidebar-layout":"default","site-content-layout":"","ast-site-content-layout":"default","site-content-style":"default","site-sidebar-style":"default","ast-global-header-display":"","ast-banner-title-visibility":"","ast-main-header-display":"","ast-hfb-above-header-display":"","ast-hfb-below-header-display":"","ast-hfb-mobile-header-display":"","site-post-title":"","ast-breadcrumbs-content":"","ast-featured-img":"","footer-sml-layout":"","ast-disable-related-posts":"","theme-transparent-header-meta":"default","adv-header-id-meta":"","stick-header-meta":"","header-above-stick-meta":"","header-main-stick-meta":"","header-below-stick-meta":"","astra-migrate-meta-layouts":"set","ast-page-background-enabled":"default","ast-page-background-meta":{"desktop":{"background-color":"var(--ast-global-color-4)","background-image":"","background-repeat":"repeat","background-position":"center center","background-size":"auto","background-attachment":"scroll","background-type":"","background-media":"","overlay-type":"","overlay-color":"","overlay-opacity":"","overlay-gradient":""},"tablet":{"background-color":"","background-image":"","background-repeat":"repeat","background-position":"center center","background-size":"auto","background-attachment":"scroll","background-type":"","background-media":"","overlay-type":"","overlay-color":"","overlay-opacity":"","overlay-gradient":""},"mobile":{"background-color":"","background-image":"","background-repeat":"repeat","background-position":"center center","background-size":"auto","background-attachment":"scroll","background-type":"","background-media":"","overlay-type":"","overlay-color":"","overlay-opacity":"","overlay-gradient":""}},"ast-content-background-meta":{"desktop":{"background-color":"var(--ast-global-color-5)","background-image":"","background-repeat":"repeat","background-position":"center center","background-size":"auto","background-attachment":"scroll","background-type":"","background-media":"","overlay-type":"","overlay-color":"","overlay-opacity":"","overlay-gradient":""},"tablet":{"background-color":"var(--ast-global-color-5)","background-image":"","background-repeat":"repeat","background-position":"center center","background-size":"auto","background-attachment":"scroll","background-type":"","background-media":"","overlay-type":"","overlay-color":"","overlay-opacity":"","overlay-gradient":""},"mobile":{"background-color":"var(--ast-global-color-5)","background-image":"","background-repeat":"repeat","background-position":"center center","background-size":"auto","background-attachment":"scroll","background-type":"","background-media":"","overlay-type":"","overlay-color":"","overlay-opacity":"","overlay-gradient":""}}},"product_brand":[],"product_cat":[64,41,172],"product_tag":[],"class_list":{"0":"post-16019","1":"product","2":"type-product","3":"status-publish","4":"has-post-thumbnail","6":"product_cat-black-bay","7":"product_cat-tudor","8":"product_cat-tudor-2025","9":"desktop-align-center","10":"tablet-align-left","11":"mobile-align-center","12":"ast-product-gallery-layout-vertical-slider","13":"ast-product-tabs-layout-distributed","15":"first","16":"instock","17":"shipping-taxable","18":"product-type-simple"},"_links":{"self":[{"href":"https:\/\/www.joyerialajoya.com\/en\/wp-json\/wp\/v2\/product\/16019","targetHints":{"allow":["GET"]}}],"collection":[{"href":"https:\/\/www.joyerialajoya.com\/en\/wp-json\/wp\/v2\/product"}],"about":[{"href":"https:\/\/www.joyerialajoya.com\/en\/wp-json\/wp\/v2\/types\/product"}],"replies":[{"embeddable":true,"href":"https:\/\/www.joyerialajoya.com\/en\/wp-json\/wp\/v2\/comments?post=16019"}],"version-history":[{"count":4,"href":"https:\/\/www.joyerialajoya.com\/en\/wp-json\/wp\/v2\/product\/16019\/revisions"}],"predecessor-version":[{"id":16029,"href":"https:\/\/www.joyerialajoya.com\/en\/wp-json\/wp\/v2\/product\/16019\/revisions\/16029"}],"wp:featuredmedia":[{"embeddable":true,"href":"https:\/\/www.joyerialajoya.com\/en\/wp-json\/wp\/v2\/media\/16024"}],"wp:attachment":[{"href":"https:\/\/www.joyerialajoya.com\/en\/wp-json\/wp\/v2\/media?parent=16019"}],"wp:term":[{"taxonomy":"product_brand","embeddable":true,"href":"https:\/\/www.joyerialajoya.com\/en\/wp-json\/wp\/v2\/product_brand?post=16019"},{"taxonomy":"product_cat","embeddable":true,"href":"https:\/\/www.joyerialajoya.com\/en\/wp-json\/wp\/v2\/product_cat?post=16019"},{"taxonomy":"product_tag","embeddable":true,"href":"https:\/\/www.joyerialajoya.com\/en\/wp-json\/wp\/v2\/product_tag?post=16019"}],"curies":[{"name":"wp","href":"https:\/\/api.w.org\/{rel}","templated":true}]}}