{"id":20971,"date":"2024-09-26T20:40:52","date_gmt":"2024-09-26T20:40:52","guid":{"rendered":"https:\/\/www.joyerialajoya.com\/?post_type=product&#038;p=20971"},"modified":"2025-10-09T22:40:37","modified_gmt":"2025-10-09T22:40:37","slug":"bulova-archive-mil-ships-w-2181-watch","status":"publish","type":"product","link":"https:\/\/www.joyerialajoya.com\/en\/product\/bulova-archive-mil-ships-w-2181-watch\/","title":{"rendered":"Bulova Archive MIL-SHIPS-W-2181 watch"},"content":{"rendered":"","protected":false},"excerpt":{"rendered":"<p>El reloj militar para hombre Bulova Archive Mil-Ships-W-2181 98A266 gustar\u00e1 a los amantes del estilo \u00abDiver\u00bb. El escudo negro tiene una barra de papel bicolor que, en caso de abrir el sobre, cambiar\u00e1 de color, lo que indica la humedad del mismo. La protecci\u00f3n Cyforblat est\u00e1 hecha de cristal de zafiro de alta calidad, que en la escala de dureza de Mohs es de 9 de 10 posiciones. Las puntas y los \u00edndices est\u00e1n cubiertos con un revestimiento luminiscente que aumenta la comodidad de lectura de las horas en los rincones m\u00e1s oscuros.<\/p>\n<p>Para obtener m\u00e1s detalles sobre este producto comun\u00edquese al 7039 8472 o 7039 9060 \u00a0o haga clic aqu\u00ed para obtener asistencia en vivo.<\/p>","protected":false},"featured_media":20973,"comment_status":"closed","ping_status":"closed","template":"","meta":{"_monsterinsights_skip_tracking":false,"_monsterinsights_sitenote_active":false,"_monsterinsights_sitenote_note":"","_monsterinsights_sitenote_category":0,"site-sidebar-layout":"default","site-content-layout":"","ast-site-content-layout":"default","site-content-style":"default","site-sidebar-style":"default","ast-global-header-display":"","ast-banner-title-visibility":"","ast-main-header-display":"","ast-hfb-above-header-display":"","ast-hfb-below-header-display":"","ast-hfb-mobile-header-display":"","site-post-title":"","ast-breadcrumbs-content":"","ast-featured-img":"","footer-sml-layout":"","ast-disable-related-posts":"","theme-transparent-header-meta":"default","adv-header-id-meta":"","stick-header-meta":"","header-above-stick-meta":"","header-main-stick-meta":"","header-below-stick-meta":"","astra-migrate-meta-layouts":"set","ast-page-background-enabled":"default","ast-page-background-meta":{"desktop":{"background-color":"var(--ast-global-color-4)","background-image":"","background-repeat":"repeat","background-position":"center center","background-size":"auto","background-attachment":"scroll","background-type":"","background-media":"","overlay-type":"","overlay-color":"","overlay-opacity":"","overlay-gradient":""},"tablet":{"background-color":"","background-image":"","background-repeat":"repeat","background-position":"center center","background-size":"auto","background-attachment":"scroll","background-type":"","background-media":"","overlay-type":"","overlay-color":"","overlay-opacity":"","overlay-gradient":""},"mobile":{"background-color":"","background-image":"","background-repeat":"repeat","background-position":"center center","background-size":"auto","background-attachment":"scroll","background-type":"","background-media":"","overlay-type":"","overlay-color":"","overlay-opacity":"","overlay-gradient":""}},"ast-content-background-meta":{"desktop":{"background-color":"var(--ast-global-color-5)","background-image":"","background-repeat":"repeat","background-position":"center center","background-size":"auto","background-attachment":"scroll","background-type":"","background-media":"","overlay-type":"","overlay-color":"","overlay-opacity":"","overlay-gradient":""},"tablet":{"background-color":"var(--ast-global-color-5)","background-image":"","background-repeat":"repeat","background-position":"center center","background-size":"auto","background-attachment":"scroll","background-type":"","background-media":"","overlay-type":"","overlay-color":"","overlay-opacity":"","overlay-gradient":""},"mobile":{"background-color":"var(--ast-global-color-5)","background-image":"","background-repeat":"repeat","background-position":"center center","background-size":"auto","background-attachment":"scroll","background-type":"","background-media":"","overlay-type":"","overlay-color":"","overlay-opacity":"","overlay-gradient":""}}},"product_brand":[],"product_cat":[120,117],"product_tag":[],"class_list":{"0":"post-20971","1":"product","2":"type-product","3":"status-publish","4":"has-post-thumbnail","6":"product_cat-bulova","7":"product_cat-relojes-para-hombre","8":"desktop-align-center","9":"tablet-align-left","10":"mobile-align-center","11":"ast-product-gallery-layout-vertical-slider","12":"ast-product-tabs-layout-distributed","14":"first","15":"instock","16":"shipping-taxable","17":"purchasable","18":"product-type-simple"},"_links":{"self":[{"href":"https:\/\/www.joyerialajoya.com\/en\/wp-json\/wp\/v2\/product\/20971","targetHints":{"allow":["GET"]}}],"collection":[{"href":"https:\/\/www.joyerialajoya.com\/en\/wp-json\/wp\/v2\/product"}],"about":[{"href":"https:\/\/www.joyerialajoya.com\/en\/wp-json\/wp\/v2\/types\/product"}],"replies":[{"embeddable":true,"href":"https:\/\/www.joyerialajoya.com\/en\/wp-json\/wp\/v2\/comments?post=20971"}],"version-history":[{"count":2,"href":"https:\/\/www.joyerialajoya.com\/en\/wp-json\/wp\/v2\/product\/20971\/revisions"}],"predecessor-version":[{"id":20975,"href":"https:\/\/www.joyerialajoya.com\/en\/wp-json\/wp\/v2\/product\/20971\/revisions\/20975"}],"wp:featuredmedia":[{"embeddable":true,"href":"https:\/\/www.joyerialajoya.com\/en\/wp-json\/wp\/v2\/media\/20973"}],"wp:attachment":[{"href":"https:\/\/www.joyerialajoya.com\/en\/wp-json\/wp\/v2\/media?parent=20971"}],"wp:term":[{"taxonomy":"product_brand","embeddable":true,"href":"https:\/\/www.joyerialajoya.com\/en\/wp-json\/wp\/v2\/product_brand?post=20971"},{"taxonomy":"product_cat","embeddable":true,"href":"https:\/\/www.joyerialajoya.com\/en\/wp-json\/wp\/v2\/product_cat?post=20971"},{"taxonomy":"product_tag","embeddable":true,"href":"https:\/\/www.joyerialajoya.com\/en\/wp-json\/wp\/v2\/product_tag?post=20971"}],"curies":[{"name":"wp","href":"https:\/\/api.w.org\/{rel}","templated":true}]}}