{"id":26544,"date":"2025-11-26T18:37:37","date_gmt":"2025-11-26T18:37:37","guid":{"rendered":"https:\/\/www.joyerialajoya.com\/?post_type=product&#038;p=26544"},"modified":"2026-02-06T16:31:43","modified_gmt":"2026-02-06T16:31:43","slug":"aretes-belle-epoque-2","status":"publish","type":"product","link":"https:\/\/www.joyerialajoya.com\/en\/product\/aretes-belle-epoque-2\/","title":{"rendered":"Aretes belle \u00c9poque"},"content":{"rendered":"","protected":false},"excerpt":{"rendered":"<p>Las joyas Belle \u00c9poque alternan diamantes, zafiros, rub\u00edes y esmeraldas en geometr\u00edas inspiradas en los fotogramas de pel\u00edculas.<\/p>\n<p>Cautivado por la energ\u00eda de la Belle \u00c9poque y los avances que llevaron al nacimiento del cine, Enrico Grassi Damiani cre\u00f3 una de las colecciones m\u00e1s ic\u00f3nicas. Inspirada en los fotogramas de pel\u00edculas, la colecci\u00f3n Belle \u00c9poque presenta c\u00edrculos y rect\u00e1ngulos, adornados con diamantes, zafiros, rub\u00edes y esmeraldas que se alternan creando una preciosa sensaci\u00f3n de dinamismo.<\/p>\n<ul class=\"dropdown-options dropdown-content flex-column\" role=\"tabpanel\" data-role=\"content\" aria-hidden=\"false\">\n<li class=\"product-detail-item justify-content-between align-items-center material\"><span class=\"product-detail-label\">Material: <\/span><span class=\"product-detail-value\">ORO BLANCO<\/span><\/li>\n<li class=\"product-detail-item justify-content-between align-items-center stone_type\"><span class=\"product-detail-label\">Piedras preciosas: <\/span><span class=\"product-detail-value\">DIAMANTES<\/span><\/li>\n<li class=\"product-detail-item justify-content-between align-items-center diamond_carats\"><span class=\"product-detail-label\">Quilates diamantes: <\/span><span class=\"product-detail-value\">0.54 Ct.<\/span><\/li>\n<\/ul>\n<ul class=\"dropdown-options dropdown-content\" role=\"tabpanel\" data-role=\"content\" aria-hidden=\"false\">\n<li>\n<div data-content-type=\"row\" data-appearance=\"contained\" data-element=\"main\">\n<div data-enable-parallax=\"0\" data-parallax-speed=\"0.5\" data-background-images=\"{}\" data-background-type=\"image\" data-video-loop=\"true\" data-video-play-only-visible=\"true\" data-video-lazy-load=\"true\" data-video-fallback-src=\"\" data-element=\"inner\" data-pb-style=\"B8AIFFV\">\n<div class=\"pagebuilder-column-group\" data-content-type=\"column-group\" data-grid-size=\"12\" data-element=\"main\">\n<div class=\"pagebuilder-column\" data-content-type=\"column\" data-appearance=\"full-height\" data-background-images=\"{}\" data-element=\"main\" data-pb-style=\"X0E6TU4\">\n<div data-content-type=\"text\" data-appearance=\"default\" data-element=\"main\">\n<p>Garant\u00eda &#8211; Las joyas Damiani han sido creadas para uso diario, no solo para ocasiones especiales, por eso Damiani ofrece un seguro gratuito que protege al comprador frente a robo por descuido o atraco durante tres a\u00f1os.<\/p>\n<\/div>\n<\/div>\n<\/div>\n<\/div>\n<\/div>\n<\/li>\n<\/ul>","protected":false},"featured_media":26546,"comment_status":"closed","ping_status":"closed","template":"","meta":{"_monsterinsights_skip_tracking":false,"_monsterinsights_sitenote_active":false,"_monsterinsights_sitenote_note":"","_monsterinsights_sitenote_category":0,"site-sidebar-layout":"default","site-content-layout":"","ast-site-content-layout":"default","site-content-style":"default","site-sidebar-style":"default","ast-global-header-display":"","ast-banner-title-visibility":"","ast-main-header-display":"","ast-hfb-above-header-display":"","ast-hfb-below-header-display":"","ast-hfb-mobile-header-display":"","site-post-title":"","ast-breadcrumbs-content":"","ast-featured-img":"","footer-sml-layout":"","ast-disable-related-posts":"","theme-transparent-header-meta":"default","adv-header-id-meta":"","stick-header-meta":"","header-above-stick-meta":"","header-main-stick-meta":"","header-below-stick-meta":"","astra-migrate-meta-layouts":"set","ast-page-background-enabled":"default","ast-page-background-meta":{"desktop":{"background-color":"var(--ast-global-color-4)","background-image":"","background-repeat":"repeat","background-position":"center center","background-size":"auto","background-attachment":"scroll","background-type":"","background-media":"","overlay-type":"","overlay-color":"","overlay-opacity":"","overlay-gradient":""},"tablet":{"background-color":"","background-image":"","background-repeat":"repeat","background-position":"center center","background-size":"auto","background-attachment":"scroll","background-type":"","background-media":"","overlay-type":"","overlay-color":"","overlay-opacity":"","overlay-gradient":""},"mobile":{"background-color":"","background-image":"","background-repeat":"repeat","background-position":"center center","background-size":"auto","background-attachment":"scroll","background-type":"","background-media":"","overlay-type":"","overlay-color":"","overlay-opacity":"","overlay-gradient":""}},"ast-content-background-meta":{"desktop":{"background-color":"var(--ast-global-color-5)","background-image":"","background-repeat":"repeat","background-position":"center center","background-size":"auto","background-attachment":"scroll","background-type":"","background-media":"","overlay-type":"","overlay-color":"","overlay-opacity":"","overlay-gradient":""},"tablet":{"background-color":"var(--ast-global-color-5)","background-image":"","background-repeat":"repeat","background-position":"center center","background-size":"auto","background-attachment":"scroll","background-type":"","background-media":"","overlay-type":"","overlay-color":"","overlay-opacity":"","overlay-gradient":""},"mobile":{"background-color":"var(--ast-global-color-5)","background-image":"","background-repeat":"repeat","background-position":"center center","background-size":"auto","background-attachment":"scroll","background-type":"","background-media":"","overlay-type":"","overlay-color":"","overlay-opacity":"","overlay-gradient":""}}},"product_brand":[],"product_cat":[189,190,188],"product_tag":[],"class_list":{"0":"post-26544","1":"product","2":"type-product","3":"status-publish","4":"has-post-thumbnail","6":"product_cat-aretes-damiani","7":"product_cat-coleccion-belle-epoque","8":"product_cat-damiani","9":"desktop-align-center","10":"tablet-align-left","11":"mobile-align-center","12":"ast-product-gallery-layout-vertical-slider","13":"ast-product-tabs-layout-distributed","15":"first","16":"instock","17":"shipping-taxable","18":"purchasable","19":"product-type-simple"},"_links":{"self":[{"href":"https:\/\/www.joyerialajoya.com\/en\/wp-json\/wp\/v2\/product\/26544","targetHints":{"allow":["GET"]}}],"collection":[{"href":"https:\/\/www.joyerialajoya.com\/en\/wp-json\/wp\/v2\/product"}],"about":[{"href":"https:\/\/www.joyerialajoya.com\/en\/wp-json\/wp\/v2\/types\/product"}],"replies":[{"embeddable":true,"href":"https:\/\/www.joyerialajoya.com\/en\/wp-json\/wp\/v2\/comments?post=26544"}],"version-history":[{"count":3,"href":"https:\/\/www.joyerialajoya.com\/en\/wp-json\/wp\/v2\/product\/26544\/revisions"}],"predecessor-version":[{"id":26550,"href":"https:\/\/www.joyerialajoya.com\/en\/wp-json\/wp\/v2\/product\/26544\/revisions\/26550"}],"wp:featuredmedia":[{"embeddable":true,"href":"https:\/\/www.joyerialajoya.com\/en\/wp-json\/wp\/v2\/media\/26546"}],"wp:attachment":[{"href":"https:\/\/www.joyerialajoya.com\/en\/wp-json\/wp\/v2\/media?parent=26544"}],"wp:term":[{"taxonomy":"product_brand","embeddable":true,"href":"https:\/\/www.joyerialajoya.com\/en\/wp-json\/wp\/v2\/product_brand?post=26544"},{"taxonomy":"product_cat","embeddable":true,"href":"https:\/\/www.joyerialajoya.com\/en\/wp-json\/wp\/v2\/product_cat?post=26544"},{"taxonomy":"product_tag","embeddable":true,"href":"https:\/\/www.joyerialajoya.com\/en\/wp-json\/wp\/v2\/product_tag?post=26544"}],"curies":[{"name":"wp","href":"https:\/\/api.w.org\/{rel}","templated":true}]}}