{"id":26613,"date":"2025-11-26T21:46:01","date_gmt":"2025-11-26T21:46:01","guid":{"rendered":"https:\/\/www.joyerialajoya.com\/?post_type=product&#038;p=26613"},"modified":"2026-02-06T16:48:43","modified_gmt":"2026-02-06T16:48:43","slug":"anillos-belle-epoque-reel","status":"publish","type":"product","link":"https:\/\/www.joyerialajoya.com\/en\/product\/anillos-belle-epoque-reel\/","title":{"rendered":"Anillos  belle \u00c9poque reel"},"content":{"rendered":"","protected":false},"excerpt":{"rendered":"<p>Las joyas de la colecci\u00f3n Belle \u00c9poque Reel se inspiran en la energ\u00eda que une. El cine y el arte en movimiento, que despertaron la chispa creativa de la Belle \u00c9poque original en el fundador de la Maison Enrico Grassi Damiani, se reinterpretan con un lenguaje contempor\u00e1neo, capaz de atraer a una comunidad global. La colecci\u00f3n incluye joyas ic\u00f3nicas dedicadas a nuevos creadores de tendencias, como pendientes de aro, pulseras r\u00edgidas y flexibles, collares y anillos realizados en oro blanco, amarillo y rosa y adornados con diamantes en las versiones pav\u00e9 m\u00e1s preciosas. Los anillos y los colgantes de los collares presentan un elemento central que, al acariciarlo, gira sobre s\u00ed mismo y cobra vida, evocando precisamente el movimiento continuo de un reel digital. C\u00edrculos y rect\u00e1ngulos, las formas dentro de formas que tambi\u00e9n caracterizan el dise\u00f1o de la colecci\u00f3n Belle \u00c9poque, se persiguen infinitamente, al igual que los v\u00eddeos que animan un feed social: un s\u00edmbolo de uni\u00f3n y progreso.<\/p>\n<ul class=\"dropdown-options dropdown-content flex-column\" role=\"tabpanel\" data-role=\"content\" aria-hidden=\"false\">\n<li class=\"product-detail-item justify-content-between align-items-center material\"><span class=\"product-detail-label\">Material: <\/span><span class=\"product-detail-value\">ORO BLANCO<\/span><\/li>\n<li class=\"product-detail-item justify-content-between align-items-center stone_type\"><span class=\"product-detail-label\">Piedras preciosas: <\/span><span class=\"product-detail-value\">DIAMANTES<\/span>\n<div data-enable-parallax=\"0\" data-parallax-speed=\"0.5\" data-background-images=\"{}\" data-background-type=\"image\" data-video-loop=\"true\" data-video-play-only-visible=\"true\" data-video-lazy-load=\"true\" data-video-fallback-src=\"\" data-element=\"inner\" data-pb-style=\"B2XDOU0\"><\/div>\n<\/li>\n<\/ul>\n<p>Garant\u00eda \u2013 Las joyas Damiani han sido creadas para uso diario, no solo para ocasiones especiales, por eso Damiani ofrece un seguro gratuito que protege al comprador frente a robo por descuido o atraco durante tres a\u00f1os.<\/p>","protected":false},"featured_media":26616,"comment_status":"closed","ping_status":"closed","template":"","meta":{"_monsterinsights_skip_tracking":false,"_monsterinsights_sitenote_active":false,"_monsterinsights_sitenote_note":"","_monsterinsights_sitenote_category":0,"site-sidebar-layout":"default","site-content-layout":"","ast-site-content-layout":"default","site-content-style":"default","site-sidebar-style":"default","ast-global-header-display":"","ast-banner-title-visibility":"","ast-main-header-display":"","ast-hfb-above-header-display":"","ast-hfb-below-header-display":"","ast-hfb-mobile-header-display":"","site-post-title":"","ast-breadcrumbs-content":"","ast-featured-img":"","footer-sml-layout":"","ast-disable-related-posts":"","theme-transparent-header-meta":"default","adv-header-id-meta":"","stick-header-meta":"","header-above-stick-meta":"","header-main-stick-meta":"","header-below-stick-meta":"","astra-migrate-meta-layouts":"set","ast-page-background-enabled":"default","ast-page-background-meta":{"desktop":{"background-color":"var(--ast-global-color-4)","background-image":"","background-repeat":"repeat","background-position":"center center","background-size":"auto","background-attachment":"scroll","background-type":"","background-media":"","overlay-type":"","overlay-color":"","overlay-opacity":"","overlay-gradient":""},"tablet":{"background-color":"","background-image":"","background-repeat":"repeat","background-position":"center center","background-size":"auto","background-attachment":"scroll","background-type":"","background-media":"","overlay-type":"","overlay-color":"","overlay-opacity":"","overlay-gradient":""},"mobile":{"background-color":"","background-image":"","background-repeat":"repeat","background-position":"center center","background-size":"auto","background-attachment":"scroll","background-type":"","background-media":"","overlay-type":"","overlay-color":"","overlay-opacity":"","overlay-gradient":""}},"ast-content-background-meta":{"desktop":{"background-color":"var(--ast-global-color-5)","background-image":"","background-repeat":"repeat","background-position":"center center","background-size":"auto","background-attachment":"scroll","background-type":"","background-media":"","overlay-type":"","overlay-color":"","overlay-opacity":"","overlay-gradient":""},"tablet":{"background-color":"var(--ast-global-color-5)","background-image":"","background-repeat":"repeat","background-position":"center center","background-size":"auto","background-attachment":"scroll","background-type":"","background-media":"","overlay-type":"","overlay-color":"","overlay-opacity":"","overlay-gradient":""},"mobile":{"background-color":"var(--ast-global-color-5)","background-image":"","background-repeat":"repeat","background-position":"center center","background-size":"auto","background-attachment":"scroll","background-type":"","background-media":"","overlay-type":"","overlay-color":"","overlay-opacity":"","overlay-gradient":""}}},"product_brand":[],"product_cat":[193,190,188],"product_tag":[],"class_list":{"0":"post-26613","1":"product","2":"type-product","3":"status-publish","4":"has-post-thumbnail","6":"product_cat-anillos-damiani","7":"product_cat-coleccion-belle-epoque","8":"product_cat-damiani","9":"desktop-align-center","10":"tablet-align-left","11":"mobile-align-center","12":"ast-product-gallery-layout-vertical-slider","13":"ast-product-tabs-layout-distributed","15":"first","16":"instock","17":"shipping-taxable","18":"purchasable","19":"product-type-simple"},"_links":{"self":[{"href":"https:\/\/www.joyerialajoya.com\/en\/wp-json\/wp\/v2\/product\/26613","targetHints":{"allow":["GET"]}}],"collection":[{"href":"https:\/\/www.joyerialajoya.com\/en\/wp-json\/wp\/v2\/product"}],"about":[{"href":"https:\/\/www.joyerialajoya.com\/en\/wp-json\/wp\/v2\/types\/product"}],"replies":[{"embeddable":true,"href":"https:\/\/www.joyerialajoya.com\/en\/wp-json\/wp\/v2\/comments?post=26613"}],"version-history":[{"count":2,"href":"https:\/\/www.joyerialajoya.com\/en\/wp-json\/wp\/v2\/product\/26613\/revisions"}],"predecessor-version":[{"id":26618,"href":"https:\/\/www.joyerialajoya.com\/en\/wp-json\/wp\/v2\/product\/26613\/revisions\/26618"}],"wp:featuredmedia":[{"embeddable":true,"href":"https:\/\/www.joyerialajoya.com\/en\/wp-json\/wp\/v2\/media\/26616"}],"wp:attachment":[{"href":"https:\/\/www.joyerialajoya.com\/en\/wp-json\/wp\/v2\/media?parent=26613"}],"wp:term":[{"taxonomy":"product_brand","embeddable":true,"href":"https:\/\/www.joyerialajoya.com\/en\/wp-json\/wp\/v2\/product_brand?post=26613"},{"taxonomy":"product_cat","embeddable":true,"href":"https:\/\/www.joyerialajoya.com\/en\/wp-json\/wp\/v2\/product_cat?post=26613"},{"taxonomy":"product_tag","embeddable":true,"href":"https:\/\/www.joyerialajoya.com\/en\/wp-json\/wp\/v2\/product_tag?post=26613"}],"curies":[{"name":"wp","href":"https:\/\/api.w.org\/{rel}","templated":true}]}}