{"id":26741,"date":"2025-11-27T16:53:46","date_gmt":"2025-11-27T16:53:46","guid":{"rendered":"https:\/\/www.joyerialajoya.com\/?post_type=product&#038;p=26741"},"modified":"2026-02-06T16:50:10","modified_gmt":"2026-02-06T16:50:10","slug":"aretes-margherita","status":"publish","type":"product","link":"https:\/\/www.joyerialajoya.com\/en\/product\/aretes-margherita\/","title":{"rendered":"Aretes margherita"},"content":{"rendered":"","protected":false},"excerpt":{"rendered":"<p>La reina Margherita de Saboya fue la musa inspiradora del fundador de la Maison Enrico Grassi Damiani, que le dedic\u00f3 una preciosa joya. Hoy la colecci\u00f3n Margherita se enriquece con la armoniosa forma de la flor, s\u00edmbolo del amor, acentuada por un elemento central \u2013un diamante o una piedra preciosa de color \u2013 rodeado de hermosos p\u00e9talos engastados con espl\u00e9ndidas piedras preciosas. La colecci\u00f3n incluye refinados anillos, collares, pendientes y pulseras.<\/p>\n<ul class=\"dropdown-options dropdown-content flex-column\" role=\"tabpanel\" data-role=\"content\" aria-hidden=\"false\">\n<li class=\"product-detail-item justify-content-between align-items-center material\"><span class=\"product-detail-label\">Material: <\/span><span class=\"product-detail-value\">ORO AMARILLO<\/span><\/li>\n<li class=\"product-detail-item justify-content-between align-items-center stone_type\"><span class=\"product-detail-label\">Piedras preciosas: <\/span><span class=\"product-detail-value\">CUARZO CITRINO, DIAMANTES<\/span><\/li>\n<li class=\"product-detail-item justify-content-between align-items-center diamond_carats\"><span class=\"product-detail-label\">Quilates diamantes: <\/span><span class=\"product-detail-value\">0.85 Ct.<\/span><\/li>\n<\/ul>\n<p>Garant\u00eda \u2013 Las joyas Damiani han sido creadas para uso diario, no solo para ocasiones especiales, por eso Damiani ofrece un seguro gratuito que protege al comprador frente a robo por descuido o atraco durante tres a\u00f1os.<\/p>","protected":false},"featured_media":26742,"comment_status":"closed","ping_status":"closed","template":"","meta":{"_monsterinsights_skip_tracking":false,"_monsterinsights_sitenote_active":false,"_monsterinsights_sitenote_note":"","_monsterinsights_sitenote_category":0,"site-sidebar-layout":"default","site-content-layout":"","ast-site-content-layout":"default","site-content-style":"default","site-sidebar-style":"default","ast-global-header-display":"","ast-banner-title-visibility":"","ast-main-header-display":"","ast-hfb-above-header-display":"","ast-hfb-below-header-display":"","ast-hfb-mobile-header-display":"","site-post-title":"","ast-breadcrumbs-content":"","ast-featured-img":"","footer-sml-layout":"","ast-disable-related-posts":"","theme-transparent-header-meta":"default","adv-header-id-meta":"","stick-header-meta":"","header-above-stick-meta":"","header-main-stick-meta":"","header-below-stick-meta":"","astra-migrate-meta-layouts":"set","ast-page-background-enabled":"default","ast-page-background-meta":{"desktop":{"background-color":"var(--ast-global-color-4)","background-image":"","background-repeat":"repeat","background-position":"center center","background-size":"auto","background-attachment":"scroll","background-type":"","background-media":"","overlay-type":"","overlay-color":"","overlay-opacity":"","overlay-gradient":""},"tablet":{"background-color":"","background-image":"","background-repeat":"repeat","background-position":"center center","background-size":"auto","background-attachment":"scroll","background-type":"","background-media":"","overlay-type":"","overlay-color":"","overlay-opacity":"","overlay-gradient":""},"mobile":{"background-color":"","background-image":"","background-repeat":"repeat","background-position":"center center","background-size":"auto","background-attachment":"scroll","background-type":"","background-media":"","overlay-type":"","overlay-color":"","overlay-opacity":"","overlay-gradient":""}},"ast-content-background-meta":{"desktop":{"background-color":"var(--ast-global-color-5)","background-image":"","background-repeat":"repeat","background-position":"center center","background-size":"auto","background-attachment":"scroll","background-type":"","background-media":"","overlay-type":"","overlay-color":"","overlay-opacity":"","overlay-gradient":""},"tablet":{"background-color":"var(--ast-global-color-5)","background-image":"","background-repeat":"repeat","background-position":"center center","background-size":"auto","background-attachment":"scroll","background-type":"","background-media":"","overlay-type":"","overlay-color":"","overlay-opacity":"","overlay-gradient":""},"mobile":{"background-color":"var(--ast-global-color-5)","background-image":"","background-repeat":"repeat","background-position":"center center","background-size":"auto","background-attachment":"scroll","background-type":"","background-media":"","overlay-type":"","overlay-color":"","overlay-opacity":"","overlay-gradient":""}}},"product_brand":[],"product_cat":[189,194,188],"product_tag":[],"class_list":{"0":"post-26741","1":"product","2":"type-product","3":"status-publish","4":"has-post-thumbnail","6":"product_cat-aretes-damiani","7":"product_cat-coleccion-margherita","8":"product_cat-damiani","9":"desktop-align-center","10":"tablet-align-left","11":"mobile-align-center","12":"ast-product-gallery-layout-vertical-slider","13":"ast-product-tabs-layout-distributed","15":"first","16":"instock","17":"shipping-taxable","18":"purchasable","19":"product-type-simple"},"_links":{"self":[{"href":"https:\/\/www.joyerialajoya.com\/en\/wp-json\/wp\/v2\/product\/26741","targetHints":{"allow":["GET"]}}],"collection":[{"href":"https:\/\/www.joyerialajoya.com\/en\/wp-json\/wp\/v2\/product"}],"about":[{"href":"https:\/\/www.joyerialajoya.com\/en\/wp-json\/wp\/v2\/types\/product"}],"replies":[{"embeddable":true,"href":"https:\/\/www.joyerialajoya.com\/en\/wp-json\/wp\/v2\/comments?post=26741"}],"version-history":[{"count":2,"href":"https:\/\/www.joyerialajoya.com\/en\/wp-json\/wp\/v2\/product\/26741\/revisions"}],"predecessor-version":[{"id":26745,"href":"https:\/\/www.joyerialajoya.com\/en\/wp-json\/wp\/v2\/product\/26741\/revisions\/26745"}],"wp:featuredmedia":[{"embeddable":true,"href":"https:\/\/www.joyerialajoya.com\/en\/wp-json\/wp\/v2\/media\/26742"}],"wp:attachment":[{"href":"https:\/\/www.joyerialajoya.com\/en\/wp-json\/wp\/v2\/media?parent=26741"}],"wp:term":[{"taxonomy":"product_brand","embeddable":true,"href":"https:\/\/www.joyerialajoya.com\/en\/wp-json\/wp\/v2\/product_brand?post=26741"},{"taxonomy":"product_cat","embeddable":true,"href":"https:\/\/www.joyerialajoya.com\/en\/wp-json\/wp\/v2\/product_cat?post=26741"},{"taxonomy":"product_tag","embeddable":true,"href":"https:\/\/www.joyerialajoya.com\/en\/wp-json\/wp\/v2\/product_tag?post=26741"}],"curies":[{"name":"wp","href":"https:\/\/api.w.org\/{rel}","templated":true}]}}