{"id":27028,"date":"2025-12-02T21:13:07","date_gmt":"2025-12-02T21:13:07","guid":{"rendered":"https:\/\/www.joyerialajoya.com\/?post_type=product&#038;p=27028"},"modified":"2025-12-02T21:13:08","modified_gmt":"2025-12-02T21:13:08","slug":"collares-veramore","status":"publish","type":"product","link":"https:\/\/www.joyerialajoya.com\/en\/product\/collares-veramore\/","title":{"rendered":"Collares veramore"},"content":{"rendered":"","protected":false},"excerpt":{"rendered":"<p>La colecci\u00f3n Veramore est\u00e1 dise\u00f1ada para sellar las etapas m\u00e1s significativas de una vida compartida: desde el compromiso hasta el matrimonio, sin olvidar los aniversarios y otras experiencias memorables, como el nacimiento de un hijo. Solitarios, alianzas, anillos eternity y pulseras de tenis han sido dise\u00f1ados y moldeados con la inconfundible artesan\u00eda de Damiani y responden a un deseo de refinada elegancia, gracias a una est\u00e9tica impecable. Una obra maestra que captura la belleza y la fuerza de un v\u00ednculo \u00fanico.<\/p>\n<ul class=\"dropdown-options dropdown-content flex-column\" role=\"tabpanel\" data-role=\"content\" aria-hidden=\"false\">\n<li class=\"product-detail-item justify-content-between align-items-center material\"><span class=\"product-detail-label\">Material: <\/span><span class=\"product-detail-value\">ORO BLANCO<\/span><\/li>\n<li class=\"product-detail-item justify-content-between align-items-center stone_type\"><span class=\"product-detail-label\">Piedras preciosas: <\/span><span class=\"product-detail-value\">DIAMANTES<\/span><\/li>\n<li class=\"product-detail-item justify-content-between align-items-center chain_lenght\"><span class=\"product-detail-label\">Longitud de la cadena: <\/span><span class=\"product-detail-value\">45 cm<\/span><\/li>\n<\/ul>\n<p>Garant\u00eda \u2013 Las joyas Damiani han sido creadas para uso diario, no solo para ocasiones especiales, por eso Damiani ofrece un seguro gratuito que protege al comprador frente a robo por descuido o atraco durante tres a\u00f1os.<\/p>","protected":false},"featured_media":27029,"comment_status":"closed","ping_status":"closed","template":"","meta":{"_monsterinsights_skip_tracking":false,"_monsterinsights_sitenote_active":false,"_monsterinsights_sitenote_note":"","_monsterinsights_sitenote_category":0,"site-sidebar-layout":"default","site-content-layout":"","ast-site-content-layout":"default","site-content-style":"default","site-sidebar-style":"default","ast-global-header-display":"","ast-banner-title-visibility":"","ast-main-header-display":"","ast-hfb-above-header-display":"","ast-hfb-below-header-display":"","ast-hfb-mobile-header-display":"","site-post-title":"","ast-breadcrumbs-content":"","ast-featured-img":"","footer-sml-layout":"","ast-disable-related-posts":"","theme-transparent-header-meta":"default","adv-header-id-meta":"","stick-header-meta":"","header-above-stick-meta":"","header-main-stick-meta":"","header-below-stick-meta":"","astra-migrate-meta-layouts":"set","ast-page-background-enabled":"default","ast-page-background-meta":{"desktop":{"background-color":"var(--ast-global-color-4)","background-image":"","background-repeat":"repeat","background-position":"center center","background-size":"auto","background-attachment":"scroll","background-type":"","background-media":"","overlay-type":"","overlay-color":"","overlay-opacity":"","overlay-gradient":""},"tablet":{"background-color":"","background-image":"","background-repeat":"repeat","background-position":"center center","background-size":"auto","background-attachment":"scroll","background-type":"","background-media":"","overlay-type":"","overlay-color":"","overlay-opacity":"","overlay-gradient":""},"mobile":{"background-color":"","background-image":"","background-repeat":"repeat","background-position":"center center","background-size":"auto","background-attachment":"scroll","background-type":"","background-media":"","overlay-type":"","overlay-color":"","overlay-opacity":"","overlay-gradient":""}},"ast-content-background-meta":{"desktop":{"background-color":"var(--ast-global-color-5)","background-image":"","background-repeat":"repeat","background-position":"center center","background-size":"auto","background-attachment":"scroll","background-type":"","background-media":"","overlay-type":"","overlay-color":"","overlay-opacity":"","overlay-gradient":""},"tablet":{"background-color":"var(--ast-global-color-5)","background-image":"","background-repeat":"repeat","background-position":"center center","background-size":"auto","background-attachment":"scroll","background-type":"","background-media":"","overlay-type":"","overlay-color":"","overlay-opacity":"","overlay-gradient":""},"mobile":{"background-color":"var(--ast-global-color-5)","background-image":"","background-repeat":"repeat","background-position":"center center","background-size":"auto","background-attachment":"scroll","background-type":"","background-media":"","overlay-type":"","overlay-color":"","overlay-opacity":"","overlay-gradient":""}}},"product_brand":[],"product_cat":[197,191,188],"product_tag":[],"class_list":{"0":"post-27028","1":"product","2":"type-product","3":"status-publish","4":"has-post-thumbnail","6":"product_cat-coleccion-veramore","7":"product_cat-collares-damiani","8":"product_cat-damiani","9":"desktop-align-center","10":"tablet-align-left","11":"mobile-align-center","12":"ast-product-gallery-layout-vertical-slider","13":"ast-product-gallery-with-no-image","14":"ast-product-tabs-layout-distributed","16":"first","17":"instock","18":"shipping-taxable","19":"purchasable","20":"product-type-simple"},"_links":{"self":[{"href":"https:\/\/www.joyerialajoya.com\/en\/wp-json\/wp\/v2\/product\/27028","targetHints":{"allow":["GET"]}}],"collection":[{"href":"https:\/\/www.joyerialajoya.com\/en\/wp-json\/wp\/v2\/product"}],"about":[{"href":"https:\/\/www.joyerialajoya.com\/en\/wp-json\/wp\/v2\/types\/product"}],"replies":[{"embeddable":true,"href":"https:\/\/www.joyerialajoya.com\/en\/wp-json\/wp\/v2\/comments?post=27028"}],"version-history":[{"count":2,"href":"https:\/\/www.joyerialajoya.com\/en\/wp-json\/wp\/v2\/product\/27028\/revisions"}],"predecessor-version":[{"id":27031,"href":"https:\/\/www.joyerialajoya.com\/en\/wp-json\/wp\/v2\/product\/27028\/revisions\/27031"}],"wp:featuredmedia":[{"embeddable":true,"href":"https:\/\/www.joyerialajoya.com\/en\/wp-json\/wp\/v2\/media\/27029"}],"wp:attachment":[{"href":"https:\/\/www.joyerialajoya.com\/en\/wp-json\/wp\/v2\/media?parent=27028"}],"wp:term":[{"taxonomy":"product_brand","embeddable":true,"href":"https:\/\/www.joyerialajoya.com\/en\/wp-json\/wp\/v2\/product_brand?post=27028"},{"taxonomy":"product_cat","embeddable":true,"href":"https:\/\/www.joyerialajoya.com\/en\/wp-json\/wp\/v2\/product_cat?post=27028"},{"taxonomy":"product_tag","embeddable":true,"href":"https:\/\/www.joyerialajoya.com\/en\/wp-json\/wp\/v2\/product_tag?post=27028"}],"curies":[{"name":"wp","href":"https:\/\/api.w.org\/{rel}","templated":true}]}}