{"id":27568,"date":"2025-12-18T15:22:20","date_gmt":"2025-12-18T15:22:20","guid":{"rendered":"https:\/\/www.joyerialajoya.com\/?post_type=product&#038;p=27568"},"modified":"2025-12-18T15:22:28","modified_gmt":"2025-12-18T15:22:28","slug":"aretes-ti-sento-29","status":"publish","type":"product","link":"https:\/\/www.joyerialajoya.com\/en\/product\/aretes-ti-sento-29\/","title":{"rendered":"ARETES TI SENTO"},"content":{"rendered":"","protected":false},"excerpt":{"rendered":"<p>Celebra el equilibrio moderno con estos pendientes de plata tricolor TI SENTO. Elaborados en plata de ley 925, cada aro de 16 mm combina un radiante oro amarillo, un delicado oro rosa y un elegante ba\u00f1o de platino en un fluido dise\u00f1o cruzado. Una amplia cinta de circonitas c\u00fabicas blancas engastadas en pav\u00e9 se curva a lo largo del frente, capturando la luz con cada movimiento. Su silueta escultural aporta profundidad y contraste, mientras que su tama\u00f1o compacto los hace perfectos para el d\u00eda a d\u00eda con un toque refinado. Sin n\u00edquel e hipoalerg\u00e9nicos, estos pendientes ofrecen una comodidad duradera y una luminosidad refinada para cualquier ocasi\u00f3n.<\/p>\n<p>Para obtener m\u00e1s detalles sobre este producto o Diferentes tama\u00f1os comun\u00edquese al 7039 8472 o 7039 9060 \u00a0o haga clic aqu\u00ed para obtener asistencia en vivo<\/p>","protected":false},"featured_media":27569,"comment_status":"closed","ping_status":"closed","template":"","meta":{"_monsterinsights_skip_tracking":false,"_monsterinsights_sitenote_active":false,"_monsterinsights_sitenote_note":"","_monsterinsights_sitenote_category":0,"site-sidebar-layout":"default","site-content-layout":"","ast-site-content-layout":"default","site-content-style":"default","site-sidebar-style":"default","ast-global-header-display":"","ast-banner-title-visibility":"","ast-main-header-display":"","ast-hfb-above-header-display":"","ast-hfb-below-header-display":"","ast-hfb-mobile-header-display":"","site-post-title":"","ast-breadcrumbs-content":"","ast-featured-img":"","footer-sml-layout":"","ast-disable-related-posts":"","theme-transparent-header-meta":"default","adv-header-id-meta":"","stick-header-meta":"","header-above-stick-meta":"","header-main-stick-meta":"","header-below-stick-meta":"","astra-migrate-meta-layouts":"set","ast-page-background-enabled":"default","ast-page-background-meta":{"desktop":{"background-color":"var(--ast-global-color-4)","background-image":"","background-repeat":"repeat","background-position":"center center","background-size":"auto","background-attachment":"scroll","background-type":"","background-media":"","overlay-type":"","overlay-color":"","overlay-opacity":"","overlay-gradient":""},"tablet":{"background-color":"","background-image":"","background-repeat":"repeat","background-position":"center center","background-size":"auto","background-attachment":"scroll","background-type":"","background-media":"","overlay-type":"","overlay-color":"","overlay-opacity":"","overlay-gradient":""},"mobile":{"background-color":"","background-image":"","background-repeat":"repeat","background-position":"center center","background-size":"auto","background-attachment":"scroll","background-type":"","background-media":"","overlay-type":"","overlay-color":"","overlay-opacity":"","overlay-gradient":""}},"ast-content-background-meta":{"desktop":{"background-color":"var(--ast-global-color-5)","background-image":"","background-repeat":"repeat","background-position":"center center","background-size":"auto","background-attachment":"scroll","background-type":"","background-media":"","overlay-type":"","overlay-color":"","overlay-opacity":"","overlay-gradient":""},"tablet":{"background-color":"var(--ast-global-color-5)","background-image":"","background-repeat":"repeat","background-position":"center center","background-size":"auto","background-attachment":"scroll","background-type":"","background-media":"","overlay-type":"","overlay-color":"","overlay-opacity":"","overlay-gradient":""},"mobile":{"background-color":"var(--ast-global-color-5)","background-image":"","background-repeat":"repeat","background-position":"center center","background-size":"auto","background-attachment":"scroll","background-type":"","background-media":"","overlay-type":"","overlay-color":"","overlay-opacity":"","overlay-gradient":""}}},"product_brand":[],"product_cat":[155,145],"product_tag":[],"class_list":{"0":"post-27568","1":"product","2":"type-product","3":"status-publish","4":"has-post-thumbnail","6":"product_cat-aretes-ti-sento","7":"product_cat-ti-sento2","8":"desktop-align-center","9":"tablet-align-left","10":"mobile-align-center","11":"ast-product-gallery-layout-vertical-slider","12":"ast-product-tabs-layout-distributed","14":"first","15":"instock","16":"shipping-taxable","17":"purchasable","18":"product-type-simple"},"_links":{"self":[{"href":"https:\/\/www.joyerialajoya.com\/en\/wp-json\/wp\/v2\/product\/27568","targetHints":{"allow":["GET"]}}],"collection":[{"href":"https:\/\/www.joyerialajoya.com\/en\/wp-json\/wp\/v2\/product"}],"about":[{"href":"https:\/\/www.joyerialajoya.com\/en\/wp-json\/wp\/v2\/types\/product"}],"replies":[{"embeddable":true,"href":"https:\/\/www.joyerialajoya.com\/en\/wp-json\/wp\/v2\/comments?post=27568"}],"version-history":[{"count":1,"href":"https:\/\/www.joyerialajoya.com\/en\/wp-json\/wp\/v2\/product\/27568\/revisions"}],"predecessor-version":[{"id":27572,"href":"https:\/\/www.joyerialajoya.com\/en\/wp-json\/wp\/v2\/product\/27568\/revisions\/27572"}],"wp:featuredmedia":[{"embeddable":true,"href":"https:\/\/www.joyerialajoya.com\/en\/wp-json\/wp\/v2\/media\/27569"}],"wp:attachment":[{"href":"https:\/\/www.joyerialajoya.com\/en\/wp-json\/wp\/v2\/media?parent=27568"}],"wp:term":[{"taxonomy":"product_brand","embeddable":true,"href":"https:\/\/www.joyerialajoya.com\/en\/wp-json\/wp\/v2\/product_brand?post=27568"},{"taxonomy":"product_cat","embeddable":true,"href":"https:\/\/www.joyerialajoya.com\/en\/wp-json\/wp\/v2\/product_cat?post=27568"},{"taxonomy":"product_tag","embeddable":true,"href":"https:\/\/www.joyerialajoya.com\/en\/wp-json\/wp\/v2\/product_tag?post=27568"}],"curies":[{"name":"wp","href":"https:\/\/api.w.org\/{rel}","templated":true}]}}