{"id":29878,"date":"2026-04-15T10:35:14","date_gmt":"2026-04-15T16:35:14","guid":{"rendered":"https:\/\/www.joyerialajoya.com\/?post_type=product&#038;p=29878"},"modified":"2026-04-15T10:35:14","modified_gmt":"2026-04-15T16:35:14","slug":"bulova-rubaiyat-verano","status":"publish","type":"product","link":"https:\/\/www.joyerialajoya.com\/en\/product\/bulova-rubaiyat-verano\/","title":{"rendered":"BULOVA Rubaiyat Verano"},"content":{"rendered":"","protected":false},"excerpt":{"rendered":"<p>Rubaiyat es un nombre de gran significado po\u00e9tico y elegancia atemporal. Lanzada en 1917, la colecci\u00f3n Rubaiyat marc\u00f3 la serie debut de relojes de Bulova dise\u00f1ados espec\u00edficamente para la mujer. Ahora, m\u00e1s de un siglo despu\u00e9s y con motivo de la celebraci\u00f3n del 150.\u00ba aniversario de Bulova, la nueva colecci\u00f3n de lujo Rubaiyat \u00abFour Seasons\u00bb captura la elegancia de la l\u00ednea Rubaiyat y la verdadera belleza de la naturaleza. El modelo Rubaiyat \u00abSummer\u00bb deslumbra con 42 gemas de topacio azul \u2014con un peso total de 0,25 quilates\u2014 que rodean su elegante caja tipo halo de 30 mm, elaborada en acero inoxidable con acabado en tono dorado y rematada con una corona de cabuj\u00f3n de espinela sint\u00e9tica. Su impactante esfera \u2014protegida por un cristal de zafiro de doble curvatura\u2014 ha sido cuidadosamente elaborada a partir de turquesa reconstituida, evocando las cristalinas aguas tropicales, con vetas negras que garantizan la singularidad de cada pieza. Adornado con \u00edndices en forma de tabla de surf y combinado con una correa a juego de piel de becerro graneada \u2014equipada con un cierre desplegable personalizado de doble pulsador\u2014, este lujoso reloj femenino constituye una incorporaci\u00f3n atemporal a cualquier colecci\u00f3n y se presenta en un estuche especial Rubaiyat que incluye un libro conmemorativo.<\/p>\n<p>Para obtener m\u00e1s detalles sobre este producto comun\u00edquese al 7039 8472 o 7039 9060 \u00a0o haga clic aqu\u00ed para obtener asistencia en vivo.<\/p>","protected":false},"featured_media":29880,"comment_status":"closed","ping_status":"closed","template":"","meta":{"_monsterinsights_skip_tracking":false,"_monsterinsights_sitenote_active":false,"_monsterinsights_sitenote_note":"","_monsterinsights_sitenote_category":0,"site-sidebar-layout":"default","site-content-layout":"","ast-site-content-layout":"default","site-content-style":"default","site-sidebar-style":"default","ast-global-header-display":"","ast-banner-title-visibility":"","ast-main-header-display":"","ast-hfb-above-header-display":"","ast-hfb-below-header-display":"","ast-hfb-mobile-header-display":"","site-post-title":"","ast-breadcrumbs-content":"","ast-featured-img":"","footer-sml-layout":"","ast-disable-related-posts":"","theme-transparent-header-meta":"default","adv-header-id-meta":"","stick-header-meta":"default","header-above-stick-meta":"","header-main-stick-meta":"","header-below-stick-meta":"","astra-migrate-meta-layouts":"set","ast-page-background-enabled":"default","ast-page-background-meta":{"desktop":{"background-color":"var(--ast-global-color-4)","background-image":"","background-repeat":"repeat","background-position":"center center","background-size":"auto","background-attachment":"scroll","background-type":"","background-media":"","overlay-type":"","overlay-color":"","overlay-opacity":"","overlay-gradient":""},"tablet":{"background-color":"","background-image":"","background-repeat":"repeat","background-position":"center center","background-size":"auto","background-attachment":"scroll","background-type":"","background-media":"","overlay-type":"","overlay-color":"","overlay-opacity":"","overlay-gradient":""},"mobile":{"background-color":"","background-image":"","background-repeat":"repeat","background-position":"center center","background-size":"auto","background-attachment":"scroll","background-type":"","background-media":"","overlay-type":"","overlay-color":"","overlay-opacity":"","overlay-gradient":""}},"ast-content-background-meta":{"desktop":{"background-color":"var(--ast-global-color-5)","background-image":"","background-repeat":"repeat","background-position":"center center","background-size":"auto","background-attachment":"scroll","background-type":"","background-media":"","overlay-type":"","overlay-color":"","overlay-opacity":"","overlay-gradient":""},"tablet":{"background-color":"var(--ast-global-color-5)","background-image":"","background-repeat":"repeat","background-position":"center center","background-size":"auto","background-attachment":"scroll","background-type":"","background-media":"","overlay-type":"","overlay-color":"","overlay-opacity":"","overlay-gradient":""},"mobile":{"background-color":"var(--ast-global-color-5)","background-image":"","background-repeat":"repeat","background-position":"center center","background-size":"auto","background-attachment":"scroll","background-type":"","background-media":"","overlay-type":"","overlay-color":"","overlay-opacity":"","overlay-gradient":""}}},"product_brand":[],"product_cat":[120,119],"product_tag":[],"class_list":{"0":"post-29878","1":"product","2":"type-product","3":"status-publish","4":"has-post-thumbnail","6":"product_cat-bulova","7":"product_cat-relojes-para-mujer","8":"desktop-align-center","9":"tablet-align-left","10":"mobile-align-center","11":"ast-product-gallery-layout-vertical-slider","12":"ast-product-tabs-layout-distributed","14":"first","15":"instock","16":"shipping-taxable","17":"purchasable","18":"product-type-simple"},"_links":{"self":[{"href":"https:\/\/www.joyerialajoya.com\/en\/wp-json\/wp\/v2\/product\/29878","targetHints":{"allow":["GET"]}}],"collection":[{"href":"https:\/\/www.joyerialajoya.com\/en\/wp-json\/wp\/v2\/product"}],"about":[{"href":"https:\/\/www.joyerialajoya.com\/en\/wp-json\/wp\/v2\/types\/product"}],"replies":[{"embeddable":true,"href":"https:\/\/www.joyerialajoya.com\/en\/wp-json\/wp\/v2\/comments?post=29878"}],"version-history":[{"count":1,"href":"https:\/\/www.joyerialajoya.com\/en\/wp-json\/wp\/v2\/product\/29878\/revisions"}],"predecessor-version":[{"id":29881,"href":"https:\/\/www.joyerialajoya.com\/en\/wp-json\/wp\/v2\/product\/29878\/revisions\/29881"}],"wp:featuredmedia":[{"embeddable":true,"href":"https:\/\/www.joyerialajoya.com\/en\/wp-json\/wp\/v2\/media\/29880"}],"wp:attachment":[{"href":"https:\/\/www.joyerialajoya.com\/en\/wp-json\/wp\/v2\/media?parent=29878"}],"wp:term":[{"taxonomy":"product_brand","embeddable":true,"href":"https:\/\/www.joyerialajoya.com\/en\/wp-json\/wp\/v2\/product_brand?post=29878"},{"taxonomy":"product_cat","embeddable":true,"href":"https:\/\/www.joyerialajoya.com\/en\/wp-json\/wp\/v2\/product_cat?post=29878"},{"taxonomy":"product_tag","embeddable":true,"href":"https:\/\/www.joyerialajoya.com\/en\/wp-json\/wp\/v2\/product_tag?post=29878"}],"curies":[{"name":"wp","href":"https:\/\/api.w.org\/{rel}","templated":true}]}}