{"id":29940,"date":"2026-04-15T11:18:39","date_gmt":"2026-04-15T17:18:39","guid":{"rendered":"https:\/\/www.joyerialajoya.com\/?post_type=product&#038;p=29940"},"modified":"2026-04-15T11:18:39","modified_gmt":"2026-04-15T17:18:39","slug":"bulova-maquina-3","status":"publish","type":"product","link":"https:\/\/www.joyerialajoya.com\/en\/product\/bulova-maquina-3\/","title":{"rendered":"BULOVA M\u00e1quina"},"content":{"rendered":"","protected":false},"excerpt":{"rendered":"<p class=\"show-more-text-content\"><span class=\"visible-text\">Este reloj Bulova para hombre, de la colecci\u00f3n Maquina, ofrece un dise\u00f1o vanguardista y audaz. Cuenta con una caja de acero inoxidable negra de 40 mm con cristal de zafiro curvado, bisel negro y brazalete de acero inoxidable negro con cierre desplegable<\/span><span class=\"more-text\">\u00a0con pulsador. La esfera con motivos arco\u00edris presenta agujas negras, marcadores plateados con relleno luminiscente y una ventanilla central que revela el mecanismo interno del movimiento autom\u00e1tico esqueletizado de 21 rub\u00edes, visible tambi\u00e9n a trav\u00e9s del fondo transparente de la caja, con una reserva de marcha de 42 horas. Con su coraz\u00f3n mec\u00e1nico y su forma moderna e inigualable, este reloj Bulova para hombre ofrece una expresi\u00f3n de estilo \u00fanica y personal.<\/span><\/p>\n<p>Para obtener m\u00e1s detalles sobre este producto comun\u00edquese al 7039 8472 o 7039 9060 \u00a0o haga clic aqu\u00ed para obtener asistencia en vivo.<\/p>","protected":false},"featured_media":29941,"comment_status":"closed","ping_status":"closed","template":"","meta":{"_monsterinsights_skip_tracking":false,"_monsterinsights_sitenote_active":false,"_monsterinsights_sitenote_note":"","_monsterinsights_sitenote_category":0,"site-sidebar-layout":"default","site-content-layout":"","ast-site-content-layout":"default","site-content-style":"default","site-sidebar-style":"default","ast-global-header-display":"","ast-banner-title-visibility":"","ast-main-header-display":"","ast-hfb-above-header-display":"","ast-hfb-below-header-display":"","ast-hfb-mobile-header-display":"","site-post-title":"","ast-breadcrumbs-content":"","ast-featured-img":"","footer-sml-layout":"","ast-disable-related-posts":"","theme-transparent-header-meta":"default","adv-header-id-meta":"","stick-header-meta":"default","header-above-stick-meta":"","header-main-stick-meta":"","header-below-stick-meta":"","astra-migrate-meta-layouts":"set","ast-page-background-enabled":"default","ast-page-background-meta":{"desktop":{"background-color":"var(--ast-global-color-4)","background-image":"","background-repeat":"repeat","background-position":"center center","background-size":"auto","background-attachment":"scroll","background-type":"","background-media":"","overlay-type":"","overlay-color":"","overlay-opacity":"","overlay-gradient":""},"tablet":{"background-color":"","background-image":"","background-repeat":"repeat","background-position":"center center","background-size":"auto","background-attachment":"scroll","background-type":"","background-media":"","overlay-type":"","overlay-color":"","overlay-opacity":"","overlay-gradient":""},"mobile":{"background-color":"","background-image":"","background-repeat":"repeat","background-position":"center center","background-size":"auto","background-attachment":"scroll","background-type":"","background-media":"","overlay-type":"","overlay-color":"","overlay-opacity":"","overlay-gradient":""}},"ast-content-background-meta":{"desktop":{"background-color":"var(--ast-global-color-5)","background-image":"","background-repeat":"repeat","background-position":"center center","background-size":"auto","background-attachment":"scroll","background-type":"","background-media":"","overlay-type":"","overlay-color":"","overlay-opacity":"","overlay-gradient":""},"tablet":{"background-color":"var(--ast-global-color-5)","background-image":"","background-repeat":"repeat","background-position":"center center","background-size":"auto","background-attachment":"scroll","background-type":"","background-media":"","overlay-type":"","overlay-color":"","overlay-opacity":"","overlay-gradient":""},"mobile":{"background-color":"var(--ast-global-color-5)","background-image":"","background-repeat":"repeat","background-position":"center center","background-size":"auto","background-attachment":"scroll","background-type":"","background-media":"","overlay-type":"","overlay-color":"","overlay-opacity":"","overlay-gradient":""}}},"product_brand":[],"product_cat":[120,117],"product_tag":[],"class_list":{"0":"post-29940","1":"product","2":"type-product","3":"status-publish","4":"has-post-thumbnail","6":"product_cat-bulova","7":"product_cat-relojes-para-hombre","8":"desktop-align-center","9":"tablet-align-left","10":"mobile-align-center","11":"ast-product-gallery-layout-vertical-slider","12":"ast-product-tabs-layout-distributed","14":"first","15":"instock","16":"shipping-taxable","17":"purchasable","18":"product-type-simple"},"_links":{"self":[{"href":"https:\/\/www.joyerialajoya.com\/en\/wp-json\/wp\/v2\/product\/29940","targetHints":{"allow":["GET"]}}],"collection":[{"href":"https:\/\/www.joyerialajoya.com\/en\/wp-json\/wp\/v2\/product"}],"about":[{"href":"https:\/\/www.joyerialajoya.com\/en\/wp-json\/wp\/v2\/types\/product"}],"replies":[{"embeddable":true,"href":"https:\/\/www.joyerialajoya.com\/en\/wp-json\/wp\/v2\/comments?post=29940"}],"version-history":[{"count":1,"href":"https:\/\/www.joyerialajoya.com\/en\/wp-json\/wp\/v2\/product\/29940\/revisions"}],"predecessor-version":[{"id":29943,"href":"https:\/\/www.joyerialajoya.com\/en\/wp-json\/wp\/v2\/product\/29940\/revisions\/29943"}],"wp:featuredmedia":[{"embeddable":true,"href":"https:\/\/www.joyerialajoya.com\/en\/wp-json\/wp\/v2\/media\/29941"}],"wp:attachment":[{"href":"https:\/\/www.joyerialajoya.com\/en\/wp-json\/wp\/v2\/media?parent=29940"}],"wp:term":[{"taxonomy":"product_brand","embeddable":true,"href":"https:\/\/www.joyerialajoya.com\/en\/wp-json\/wp\/v2\/product_brand?post=29940"},{"taxonomy":"product_cat","embeddable":true,"href":"https:\/\/www.joyerialajoya.com\/en\/wp-json\/wp\/v2\/product_cat?post=29940"},{"taxonomy":"product_tag","embeddable":true,"href":"https:\/\/www.joyerialajoya.com\/en\/wp-json\/wp\/v2\/product_tag?post=29940"}],"curies":[{"name":"wp","href":"https:\/\/api.w.org\/{rel}","templated":true}]}}