{"id":29990,"date":"2026-04-15T21:29:24","date_gmt":"2026-04-16T03:29:24","guid":{"rendered":"https:\/\/www.joyerialajoya.com\/?post_type=product&#038;p=29990"},"modified":"2026-04-15T21:29:24","modified_gmt":"2026-04-16T03:29:24","slug":"bulova-rubaiyat-5","status":"publish","type":"product","link":"https:\/\/www.joyerialajoya.com\/en\/product\/bulova-rubaiyat-5\/","title":{"rendered":"BULOVA RUBAIYAT"},"content":{"rendered":"","protected":false},"excerpt":{"rendered":"<p>De la colecci\u00f3n Rubaiyat. Un legado legendario reinventado en una caja de acero inoxidable plateado con una corona de cabuj\u00f3n de espinela azul sint\u00e9tica a las 12 en punto y 36 diamantes engastados individualmente a mano en los par\u00e9ntesis de la caja y una esfera azul texturizada con patr\u00f3n, cristal de zafiro de doble curvatura, brazalete de acero inoxidable plateado con cierre desplegable de doble pulsador, fondo de caja dimensional con la ic\u00f3nica inscripci\u00f3n \u00abDiosa del Tiempo\u00bb grabada con tinte y resistencia al agua hasta 30 metros.<\/p>\n<p>Para obtener m\u00e1s detalles sobre este producto comun\u00edquese al 7039 8472 o 7039 9060 \u00a0o haga clic aqu\u00ed para obtener asistencia en vivo.<\/p>","protected":false},"featured_media":29992,"comment_status":"closed","ping_status":"closed","template":"","meta":{"_monsterinsights_skip_tracking":false,"_monsterinsights_sitenote_active":false,"_monsterinsights_sitenote_note":"","_monsterinsights_sitenote_category":0,"site-sidebar-layout":"default","site-content-layout":"","ast-site-content-layout":"default","site-content-style":"default","site-sidebar-style":"default","ast-global-header-display":"","ast-banner-title-visibility":"","ast-main-header-display":"","ast-hfb-above-header-display":"","ast-hfb-below-header-display":"","ast-hfb-mobile-header-display":"","site-post-title":"","ast-breadcrumbs-content":"","ast-featured-img":"","footer-sml-layout":"","ast-disable-related-posts":"","theme-transparent-header-meta":"default","adv-header-id-meta":"","stick-header-meta":"default","header-above-stick-meta":"","header-main-stick-meta":"","header-below-stick-meta":"","astra-migrate-meta-layouts":"set","ast-page-background-enabled":"default","ast-page-background-meta":{"desktop":{"background-color":"var(--ast-global-color-4)","background-image":"","background-repeat":"repeat","background-position":"center center","background-size":"auto","background-attachment":"scroll","background-type":"","background-media":"","overlay-type":"","overlay-color":"","overlay-opacity":"","overlay-gradient":""},"tablet":{"background-color":"","background-image":"","background-repeat":"repeat","background-position":"center center","background-size":"auto","background-attachment":"scroll","background-type":"","background-media":"","overlay-type":"","overlay-color":"","overlay-opacity":"","overlay-gradient":""},"mobile":{"background-color":"","background-image":"","background-repeat":"repeat","background-position":"center center","background-size":"auto","background-attachment":"scroll","background-type":"","background-media":"","overlay-type":"","overlay-color":"","overlay-opacity":"","overlay-gradient":""}},"ast-content-background-meta":{"desktop":{"background-color":"var(--ast-global-color-5)","background-image":"","background-repeat":"repeat","background-position":"center center","background-size":"auto","background-attachment":"scroll","background-type":"","background-media":"","overlay-type":"","overlay-color":"","overlay-opacity":"","overlay-gradient":""},"tablet":{"background-color":"var(--ast-global-color-5)","background-image":"","background-repeat":"repeat","background-position":"center center","background-size":"auto","background-attachment":"scroll","background-type":"","background-media":"","overlay-type":"","overlay-color":"","overlay-opacity":"","overlay-gradient":""},"mobile":{"background-color":"var(--ast-global-color-5)","background-image":"","background-repeat":"repeat","background-position":"center center","background-size":"auto","background-attachment":"scroll","background-type":"","background-media":"","overlay-type":"","overlay-color":"","overlay-opacity":"","overlay-gradient":""}}},"product_brand":[],"product_cat":[120,119],"product_tag":[],"class_list":{"0":"post-29990","1":"product","2":"type-product","3":"status-publish","4":"has-post-thumbnail","6":"product_cat-bulova","7":"product_cat-relojes-para-mujer","8":"desktop-align-center","9":"tablet-align-left","10":"mobile-align-center","11":"ast-product-gallery-layout-vertical-slider","12":"ast-product-tabs-layout-distributed","14":"first","15":"instock","16":"shipping-taxable","17":"purchasable","18":"product-type-simple"},"_links":{"self":[{"href":"https:\/\/www.joyerialajoya.com\/en\/wp-json\/wp\/v2\/product\/29990","targetHints":{"allow":["GET"]}}],"collection":[{"href":"https:\/\/www.joyerialajoya.com\/en\/wp-json\/wp\/v2\/product"}],"about":[{"href":"https:\/\/www.joyerialajoya.com\/en\/wp-json\/wp\/v2\/types\/product"}],"replies":[{"embeddable":true,"href":"https:\/\/www.joyerialajoya.com\/en\/wp-json\/wp\/v2\/comments?post=29990"}],"version-history":[{"count":1,"href":"https:\/\/www.joyerialajoya.com\/en\/wp-json\/wp\/v2\/product\/29990\/revisions"}],"predecessor-version":[{"id":29993,"href":"https:\/\/www.joyerialajoya.com\/en\/wp-json\/wp\/v2\/product\/29990\/revisions\/29993"}],"wp:featuredmedia":[{"embeddable":true,"href":"https:\/\/www.joyerialajoya.com\/en\/wp-json\/wp\/v2\/media\/29992"}],"wp:attachment":[{"href":"https:\/\/www.joyerialajoya.com\/en\/wp-json\/wp\/v2\/media?parent=29990"}],"wp:term":[{"taxonomy":"product_brand","embeddable":true,"href":"https:\/\/www.joyerialajoya.com\/en\/wp-json\/wp\/v2\/product_brand?post=29990"},{"taxonomy":"product_cat","embeddable":true,"href":"https:\/\/www.joyerialajoya.com\/en\/wp-json\/wp\/v2\/product_cat?post=29990"},{"taxonomy":"product_tag","embeddable":true,"href":"https:\/\/www.joyerialajoya.com\/en\/wp-json\/wp\/v2\/product_tag?post=29990"}],"curies":[{"name":"wp","href":"https:\/\/api.w.org\/{rel}","templated":true}]}}