{"id":30814,"date":"2026-04-25T16:51:26","date_gmt":"2026-04-25T22:51:26","guid":{"rendered":"https:\/\/www.joyerialajoya.com\/?post_type=product&#038;p=30814"},"modified":"2026-04-25T16:51:27","modified_gmt":"2026-04-25T22:51:27","slug":"tudor-royal-m2830a1a3-0003","status":"publish","type":"product","link":"https:\/\/www.joyerialajoya.com\/en\/product\/tudor-royal-m2830a1a3-0003\/","title":{"rendered":"TUDOR Royal"},"content":{"rendered":"","protected":false},"excerpt":{"rendered":"<p>El TUDOR Royal es un cl\u00e1sico de la marca, deportivo y elegante. Con su brazalete met\u00e1lico integrado en acero inoxidable y oro amarillo con el cierre TUDOR \u00abT fit\u00bb con ajuste r\u00e1pido, la gama Royal ha aumentado a\u00fan m\u00e1s su esplendor con una gran variedad de nuevos colores de esfera en tres tama\u00f1os in\u00e9ditos: 30&amp;nbsp;mm, 36&amp;nbsp;mm y 40&amp;nbsp;mm. Ahora hay un Royal para cada mu\u00f1eca. Cabe se\u00f1alar que estas im\u00e1genes son de uso exclusivo para contenido org\u00e1nico en las redes sociales y no para colaboraciones pagadas ni contenido patrocinado.<\/p>","protected":false},"featured_media":30815,"comment_status":"closed","ping_status":"closed","template":"","meta":{"_acf_changed":false,"_monsterinsights_skip_tracking":false,"_monsterinsights_sitenote_active":false,"_monsterinsights_sitenote_note":"","_monsterinsights_sitenote_category":0,"site-sidebar-layout":"default","site-content-layout":"","ast-site-content-layout":"default","site-content-style":"default","site-sidebar-style":"default","ast-global-header-display":"","ast-banner-title-visibility":"","ast-main-header-display":"","ast-hfb-above-header-display":"","ast-hfb-below-header-display":"","ast-hfb-mobile-header-display":"","site-post-title":"","ast-breadcrumbs-content":"","ast-featured-img":"","footer-sml-layout":"","ast-disable-related-posts":"","theme-transparent-header-meta":"default","adv-header-id-meta":"","stick-header-meta":"default","header-above-stick-meta":"","header-main-stick-meta":"","header-below-stick-meta":"","astra-migrate-meta-layouts":"set","ast-page-background-enabled":"default","ast-page-background-meta":{"desktop":{"background-color":"var(--ast-global-color-4)","background-image":"","background-repeat":"repeat","background-position":"center center","background-size":"auto","background-attachment":"scroll","background-type":"","background-media":"","overlay-type":"","overlay-color":"","overlay-opacity":"","overlay-gradient":""},"tablet":{"background-color":"","background-image":"","background-repeat":"repeat","background-position":"center center","background-size":"auto","background-attachment":"scroll","background-type":"","background-media":"","overlay-type":"","overlay-color":"","overlay-opacity":"","overlay-gradient":""},"mobile":{"background-color":"","background-image":"","background-repeat":"repeat","background-position":"center center","background-size":"auto","background-attachment":"scroll","background-type":"","background-media":"","overlay-type":"","overlay-color":"","overlay-opacity":"","overlay-gradient":""}},"ast-content-background-meta":{"desktop":{"background-color":"var(--ast-global-color-5)","background-image":"","background-repeat":"repeat","background-position":"center center","background-size":"auto","background-attachment":"scroll","background-type":"","background-media":"","overlay-type":"","overlay-color":"","overlay-opacity":"","overlay-gradient":""},"tablet":{"background-color":"var(--ast-global-color-5)","background-image":"","background-repeat":"repeat","background-position":"center center","background-size":"auto","background-attachment":"scroll","background-type":"","background-media":"","overlay-type":"","overlay-color":"","overlay-opacity":"","overlay-gradient":""},"mobile":{"background-color":"var(--ast-global-color-5)","background-image":"","background-repeat":"repeat","background-position":"center center","background-size":"auto","background-attachment":"scroll","background-type":"","background-media":"","overlay-type":"","overlay-color":"","overlay-opacity":"","overlay-gradient":""}}},"product_brand":[],"product_cat":[200,41,172],"product_tag":[],"class_list":{"0":"post-30814","1":"product","2":"type-product","3":"status-publish","4":"has-post-thumbnail","6":"product_cat-royal","7":"product_cat-tudor","8":"product_cat-tudor-2026","9":"desktop-align-center","10":"tablet-align-left","11":"mobile-align-center","12":"ast-product-gallery-layout-vertical-slider","13":"ast-product-tabs-layout-distributed","15":"first","16":"instock","17":"shipping-taxable","18":"purchasable","19":"product-type-simple"},"acf":[],"_links":{"self":[{"href":"https:\/\/www.joyerialajoya.com\/en\/wp-json\/wp\/v2\/product\/30814","targetHints":{"allow":["GET"]}}],"collection":[{"href":"https:\/\/www.joyerialajoya.com\/en\/wp-json\/wp\/v2\/product"}],"about":[{"href":"https:\/\/www.joyerialajoya.com\/en\/wp-json\/wp\/v2\/types\/product"}],"replies":[{"embeddable":true,"href":"https:\/\/www.joyerialajoya.com\/en\/wp-json\/wp\/v2\/comments?post=30814"}],"version-history":[{"count":1,"href":"https:\/\/www.joyerialajoya.com\/en\/wp-json\/wp\/v2\/product\/30814\/revisions"}],"predecessor-version":[{"id":30819,"href":"https:\/\/www.joyerialajoya.com\/en\/wp-json\/wp\/v2\/product\/30814\/revisions\/30819"}],"wp:featuredmedia":[{"embeddable":true,"href":"https:\/\/www.joyerialajoya.com\/en\/wp-json\/wp\/v2\/media\/30815"}],"wp:attachment":[{"href":"https:\/\/www.joyerialajoya.com\/en\/wp-json\/wp\/v2\/media?parent=30814"}],"wp:term":[{"taxonomy":"product_brand","embeddable":true,"href":"https:\/\/www.joyerialajoya.com\/en\/wp-json\/wp\/v2\/product_brand?post=30814"},{"taxonomy":"product_cat","embeddable":true,"href":"https:\/\/www.joyerialajoya.com\/en\/wp-json\/wp\/v2\/product_cat?post=30814"},{"taxonomy":"product_tag","embeddable":true,"href":"https:\/\/www.joyerialajoya.com\/en\/wp-json\/wp\/v2\/product_tag?post=30814"}],"curies":[{"name":"wp","href":"https:\/\/api.w.org\/{rel}","templated":true}]}}