{"id":30878,"date":"2026-04-27T11:44:03","date_gmt":"2026-04-27T17:44:03","guid":{"rendered":"https:\/\/www.joyerialajoya.com\/?post_type=product&#038;p=30878"},"modified":"2026-04-27T11:44:04","modified_gmt":"2026-04-27T17:44:04","slug":"anillos-de-oro-8","status":"publish","type":"product","link":"https:\/\/www.joyerialajoya.com\/en\/product\/anillos-de-oro-8\/","title":{"rendered":"Anillos de oro"},"content":{"rendered":"","protected":false},"excerpt":{"rendered":"<p>Anillo de oro blanco ovalado con esmeralda y engaste de garras (Anillo de esmeralda con diamantes (14k))<\/p>\n<p>Para obtener m\u00e1s detalles sobre este producto o Diferentes tama\u00f1os comun\u00edquese al 7039 8472 o 7039 9060 \u00a0o haga clic aqu\u00ed para obtener asistencia en vivo<\/p>","protected":false},"featured_media":30879,"comment_status":"closed","ping_status":"closed","template":"","meta":{"_acf_changed":false,"_monsterinsights_skip_tracking":false,"_monsterinsights_sitenote_active":false,"_monsterinsights_sitenote_note":"","_monsterinsights_sitenote_category":0,"site-sidebar-layout":"default","site-content-layout":"","ast-site-content-layout":"default","site-content-style":"default","site-sidebar-style":"default","ast-global-header-display":"","ast-banner-title-visibility":"","ast-main-header-display":"","ast-hfb-above-header-display":"","ast-hfb-below-header-display":"","ast-hfb-mobile-header-display":"","site-post-title":"","ast-breadcrumbs-content":"","ast-featured-img":"","footer-sml-layout":"","ast-disable-related-posts":"","theme-transparent-header-meta":"default","adv-header-id-meta":"","stick-header-meta":"default","header-above-stick-meta":"","header-main-stick-meta":"","header-below-stick-meta":"","astra-migrate-meta-layouts":"set","ast-page-background-enabled":"default","ast-page-background-meta":{"desktop":{"background-color":"var(--ast-global-color-4)","background-image":"","background-repeat":"repeat","background-position":"center center","background-size":"auto","background-attachment":"scroll","background-type":"","background-media":"","overlay-type":"","overlay-color":"","overlay-opacity":"","overlay-gradient":""},"tablet":{"background-color":"","background-image":"","background-repeat":"repeat","background-position":"center center","background-size":"auto","background-attachment":"scroll","background-type":"","background-media":"","overlay-type":"","overlay-color":"","overlay-opacity":"","overlay-gradient":""},"mobile":{"background-color":"","background-image":"","background-repeat":"repeat","background-position":"center center","background-size":"auto","background-attachment":"scroll","background-type":"","background-media":"","overlay-type":"","overlay-color":"","overlay-opacity":"","overlay-gradient":""}},"ast-content-background-meta":{"desktop":{"background-color":"var(--ast-global-color-5)","background-image":"","background-repeat":"repeat","background-position":"center center","background-size":"auto","background-attachment":"scroll","background-type":"","background-media":"","overlay-type":"","overlay-color":"","overlay-opacity":"","overlay-gradient":""},"tablet":{"background-color":"var(--ast-global-color-5)","background-image":"","background-repeat":"repeat","background-position":"center center","background-size":"auto","background-attachment":"scroll","background-type":"","background-media":"","overlay-type":"","overlay-color":"","overlay-opacity":"","overlay-gradient":""},"mobile":{"background-color":"var(--ast-global-color-5)","background-image":"","background-repeat":"repeat","background-position":"center center","background-size":"auto","background-attachment":"scroll","background-type":"","background-media":"","overlay-type":"","overlay-color":"","overlay-opacity":"","overlay-gradient":""}}},"product_brand":[],"product_cat":[134,131],"product_tag":[],"class_list":{"0":"post-30878","1":"product","2":"type-product","3":"status-publish","4":"has-post-thumbnail","6":"product_cat-anillos-bridal","7":"product_cat-bridal","8":"desktop-align-center","9":"tablet-align-left","10":"mobile-align-center","11":"ast-product-gallery-layout-vertical-slider","12":"ast-product-gallery-with-no-image","13":"ast-product-tabs-layout-distributed","15":"first","16":"instock","17":"shipping-taxable","18":"purchasable","19":"product-type-simple"},"acf":[],"_links":{"self":[{"href":"https:\/\/www.joyerialajoya.com\/en\/wp-json\/wp\/v2\/product\/30878","targetHints":{"allow":["GET"]}}],"collection":[{"href":"https:\/\/www.joyerialajoya.com\/en\/wp-json\/wp\/v2\/product"}],"about":[{"href":"https:\/\/www.joyerialajoya.com\/en\/wp-json\/wp\/v2\/types\/product"}],"replies":[{"embeddable":true,"href":"https:\/\/www.joyerialajoya.com\/en\/wp-json\/wp\/v2\/comments?post=30878"}],"version-history":[{"count":1,"href":"https:\/\/www.joyerialajoya.com\/en\/wp-json\/wp\/v2\/product\/30878\/revisions"}],"predecessor-version":[{"id":30880,"href":"https:\/\/www.joyerialajoya.com\/en\/wp-json\/wp\/v2\/product\/30878\/revisions\/30880"}],"wp:featuredmedia":[{"embeddable":true,"href":"https:\/\/www.joyerialajoya.com\/en\/wp-json\/wp\/v2\/media\/30879"}],"wp:attachment":[{"href":"https:\/\/www.joyerialajoya.com\/en\/wp-json\/wp\/v2\/media?parent=30878"}],"wp:term":[{"taxonomy":"product_brand","embeddable":true,"href":"https:\/\/www.joyerialajoya.com\/en\/wp-json\/wp\/v2\/product_brand?post=30878"},{"taxonomy":"product_cat","embeddable":true,"href":"https:\/\/www.joyerialajoya.com\/en\/wp-json\/wp\/v2\/product_cat?post=30878"},{"taxonomy":"product_tag","embeddable":true,"href":"https:\/\/www.joyerialajoya.com\/en\/wp-json\/wp\/v2\/product_tag?post=30878"}],"curies":[{"name":"wp","href":"https:\/\/api.w.org\/{rel}","templated":true}]}}