{"id":6838,"date":"2022-05-24T22:29:03","date_gmt":"2022-05-24T22:29:03","guid":{"rendered":"https:\/\/www.joyerialajoya.com\/?post_type=product&#038;p=6838"},"modified":"2022-05-24T23:17:51","modified_gmt":"2022-05-24T23:17:51","slug":"tudor-black-bay-pro","status":"publish","type":"product","link":"https:\/\/www.joyerialajoya.com\/en\/product\/tudor-black-bay-pro\/","title":{"rendered":"TUDOR BLACK BAY PRO"},"content":{"rendered":"","protected":false},"excerpt":{"rendered":"<ul>\n<li><strong>CAJA<\/strong><\/li>\n<li>Caja de acero de 39\u00a0mm, acabado pulido y satinado<\/li>\n<li><strong>BISEL<\/strong><\/li>\n<li>Bisel fijo graduado 24\u00a0horas en acero satinado<\/li>\n<li><strong>CORONA<\/strong><\/li>\n<li>Corona a rosca de acero con la rosa de TUDOR en relieve<\/li>\n<li><strong>ESFERA<\/strong><\/li>\n<li>Negra, abombada<\/li>\n<li><strong>CRISTAL<\/strong><\/li>\n<li>Cristal de zafiro abombado<\/li>\n<li><strong>HERMETICIDAD<\/strong><\/li>\n<li>Herm\u00e9tico hasta 200\u00a0m<\/li>\n<li><strong>BRAZALETE<\/strong><\/li>\n<li>Brazalete de acero con remaches, con acabado pulido y satinado, o correa h\u00edbrida de caucho y cuero con cierre desplegable de acero y cierre de seguridad, o correa de tejido negra con banda amarilla y cierre de hebilla<\/li>\n<li><strong>MOVIMIENTO<\/strong><\/li>\n<li>Calibre de Manufactura MT5652 (COSC)<\/li>\n<li>Movimiento mec\u00e1nico de cuerda autom\u00e1tica con rotor bidireccional<\/li>\n<li>Construcci\u00f3n integrada<\/li>\n<li><strong>PRECISI\u00d3N<\/strong><\/li>\n<li>Cron\u00f3metro suizo con certificaci\u00f3n oficial del COSC (Control Oficial Suizo de Cron\u00f3metros)<\/li>\n<\/ul>","protected":false},"featured_media":6839,"comment_status":"closed","ping_status":"closed","template":"","meta":{"_monsterinsights_skip_tracking":false,"_monsterinsights_sitenote_active":false,"_monsterinsights_sitenote_note":"","_monsterinsights_sitenote_category":0,"site-sidebar-layout":"default","site-content-layout":"","ast-site-content-layout":"default","site-content-style":"default","site-sidebar-style":"default","ast-global-header-display":"","ast-banner-title-visibility":"","ast-main-header-display":"","ast-hfb-above-header-display":"","ast-hfb-below-header-display":"","ast-hfb-mobile-header-display":"","site-post-title":"","ast-breadcrumbs-content":"","ast-featured-img":"","footer-sml-layout":"","ast-disable-related-posts":"","theme-transparent-header-meta":"","adv-header-id-meta":"","stick-header-meta":"","header-above-stick-meta":"","header-main-stick-meta":"","header-below-stick-meta":"","astra-migrate-meta-layouts":"default","ast-page-background-enabled":"default","ast-page-background-meta":{"desktop":{"background-color":"var(--ast-global-color-4)","background-image":"","background-repeat":"repeat","background-position":"center center","background-size":"auto","background-attachment":"scroll","background-type":"","background-media":"","overlay-type":"","overlay-color":"","overlay-opacity":"","overlay-gradient":""},"tablet":{"background-color":"","background-image":"","background-repeat":"repeat","background-position":"center center","background-size":"auto","background-attachment":"scroll","background-type":"","background-media":"","overlay-type":"","overlay-color":"","overlay-opacity":"","overlay-gradient":""},"mobile":{"background-color":"","background-image":"","background-repeat":"repeat","background-position":"center center","background-size":"auto","background-attachment":"scroll","background-type":"","background-media":"","overlay-type":"","overlay-color":"","overlay-opacity":"","overlay-gradient":""}},"ast-content-background-meta":{"desktop":{"background-color":"var(--ast-global-color-5)","background-image":"","background-repeat":"repeat","background-position":"center center","background-size":"auto","background-attachment":"scroll","background-type":"","background-media":"","overlay-type":"","overlay-color":"","overlay-opacity":"","overlay-gradient":""},"tablet":{"background-color":"var(--ast-global-color-5)","background-image":"","background-repeat":"repeat","background-position":"center center","background-size":"auto","background-attachment":"scroll","background-type":"","background-media":"","overlay-type":"","overlay-color":"","overlay-opacity":"","overlay-gradient":""},"mobile":{"background-color":"var(--ast-global-color-5)","background-image":"","background-repeat":"repeat","background-position":"center center","background-size":"auto","background-attachment":"scroll","background-type":"","background-media":"","overlay-type":"","overlay-color":"","overlay-opacity":"","overlay-gradient":""}}},"product_brand":[],"product_cat":[64,41],"product_tag":[],"class_list":{"0":"post-6838","1":"product","2":"type-product","3":"status-publish","4":"has-post-thumbnail","6":"product_cat-black-bay","7":"product_cat-tudor","8":"desktop-align-center","9":"tablet-align-left","10":"mobile-align-center","11":"ast-product-gallery-layout-vertical-slider","12":"ast-product-tabs-layout-distributed","14":"first","15":"instock","16":"shipping-taxable","17":"product-type-simple"},"_links":{"self":[{"href":"https:\/\/www.joyerialajoya.com\/en\/wp-json\/wp\/v2\/product\/6838","targetHints":{"allow":["GET"]}}],"collection":[{"href":"https:\/\/www.joyerialajoya.com\/en\/wp-json\/wp\/v2\/product"}],"about":[{"href":"https:\/\/www.joyerialajoya.com\/en\/wp-json\/wp\/v2\/types\/product"}],"replies":[{"embeddable":true,"href":"https:\/\/www.joyerialajoya.com\/en\/wp-json\/wp\/v2\/comments?post=6838"}],"version-history":[{"count":1,"href":"https:\/\/www.joyerialajoya.com\/en\/wp-json\/wp\/v2\/product\/6838\/revisions"}],"predecessor-version":[{"id":6841,"href":"https:\/\/www.joyerialajoya.com\/en\/wp-json\/wp\/v2\/product\/6838\/revisions\/6841"}],"wp:featuredmedia":[{"embeddable":true,"href":"https:\/\/www.joyerialajoya.com\/en\/wp-json\/wp\/v2\/media\/6839"}],"wp:attachment":[{"href":"https:\/\/www.joyerialajoya.com\/en\/wp-json\/wp\/v2\/media?parent=6838"}],"wp:term":[{"taxonomy":"product_brand","embeddable":true,"href":"https:\/\/www.joyerialajoya.com\/en\/wp-json\/wp\/v2\/product_brand?post=6838"},{"taxonomy":"product_cat","embeddable":true,"href":"https:\/\/www.joyerialajoya.com\/en\/wp-json\/wp\/v2\/product_cat?post=6838"},{"taxonomy":"product_tag","embeddable":true,"href":"https:\/\/www.joyerialajoya.com\/en\/wp-json\/wp\/v2\/product_tag?post=6838"}],"curies":[{"name":"wp","href":"https:\/\/api.w.org\/{rel}","templated":true}]}}