{"id":8579,"date":"2022-08-29T21:31:29","date_gmt":"2022-08-29T21:31:29","guid":{"rendered":"https:\/\/www.joyerialajoya.com\/?post_type=product&#038;p=8579"},"modified":"2025-10-09T20:40:39","modified_gmt":"2025-10-09T20:40:39","slug":"bulova-surfboard","status":"publish","type":"product","link":"https:\/\/www.joyerialajoya.com\/en\/product\/bulova-surfboard\/","title":{"rendered":"Bulova Surfboard"},"content":{"rendered":"","protected":false},"excerpt":{"rendered":"<p>Reloj Bulova \u201cSurfboard\u201d Edici\u00f3n limitada 350 piezas para hombre. Inspirado en nuestra historia, este modelo es un reconocimiento a los cron\u00f3grafos para buceo de Bulova, famosos en los 70\u00b4s. Conocido como \u201cSurfBoard\u201d por su car\u00e1tula, movimiento mec\u00e1nico de cuerda autom\u00e1tica con 40 horas de reserva de marcha Hecho en Suiza de 5 manecillas, con 48 horas de reserva de marcha. Caja y brazalete realizados en acero inoxidable, broche desplegable. Bisel superior en dos tonos rojo\/azul, car\u00e1tula en tono claro que realza el ovalo azul alrededor de sus 2 subcar\u00e1tulas. Indicadores y manecillas luminiscentes, detalles color naranja en segundero y manecillas. Cristal zafiro abombado con tratamiento anti-reflejante con revestimiento azul. Resistencia al agua de hasta 200 metros.<\/p>\n<ul>\n<li>Car\u00e1tula CAR\u00c1TULA BEIGE<\/li>\n<li>Cristal ZAFIRO<\/li>\n<li>Caja ACERO INOXIDABLE<\/li>\n<li>Di\u00e1metro Caja (mm) 38.5 MM<\/li>\n<li>Extensible ACERO INOXIDABLE<\/li>\n<li>RESERVA DE MARCHA.<\/li>\n<li>Movimiento AUTOM\u00c1TICO<\/li>\n<\/ul>\n<p>Para obtener m\u00e1s detalles sobre este producto comun\u00edquese al 7039 8472 o 7039 9060 \u00a0o haga clic aqu\u00ed para obtener asistencia en vivo.<\/p>","protected":false},"featured_media":8580,"comment_status":"closed","ping_status":"closed","template":"","meta":{"_monsterinsights_skip_tracking":false,"_monsterinsights_sitenote_active":false,"_monsterinsights_sitenote_note":"","_monsterinsights_sitenote_category":0,"site-sidebar-layout":"default","site-content-layout":"","ast-site-content-layout":"default","site-content-style":"default","site-sidebar-style":"default","ast-global-header-display":"","ast-banner-title-visibility":"","ast-main-header-display":"","ast-hfb-above-header-display":"","ast-hfb-below-header-display":"","ast-hfb-mobile-header-display":"","site-post-title":"","ast-breadcrumbs-content":"","ast-featured-img":"","footer-sml-layout":"","ast-disable-related-posts":"","theme-transparent-header-meta":"","adv-header-id-meta":"","stick-header-meta":"","header-above-stick-meta":"","header-main-stick-meta":"","header-below-stick-meta":"","astra-migrate-meta-layouts":"default","ast-page-background-enabled":"default","ast-page-background-meta":{"desktop":{"background-color":"var(--ast-global-color-4)","background-image":"","background-repeat":"repeat","background-position":"center center","background-size":"auto","background-attachment":"scroll","background-type":"","background-media":"","overlay-type":"","overlay-color":"","overlay-opacity":"","overlay-gradient":""},"tablet":{"background-color":"","background-image":"","background-repeat":"repeat","background-position":"center center","background-size":"auto","background-attachment":"scroll","background-type":"","background-media":"","overlay-type":"","overlay-color":"","overlay-opacity":"","overlay-gradient":""},"mobile":{"background-color":"","background-image":"","background-repeat":"repeat","background-position":"center center","background-size":"auto","background-attachment":"scroll","background-type":"","background-media":"","overlay-type":"","overlay-color":"","overlay-opacity":"","overlay-gradient":""}},"ast-content-background-meta":{"desktop":{"background-color":"var(--ast-global-color-5)","background-image":"","background-repeat":"repeat","background-position":"center center","background-size":"auto","background-attachment":"scroll","background-type":"","background-media":"","overlay-type":"","overlay-color":"","overlay-opacity":"","overlay-gradient":""},"tablet":{"background-color":"var(--ast-global-color-5)","background-image":"","background-repeat":"repeat","background-position":"center center","background-size":"auto","background-attachment":"scroll","background-type":"","background-media":"","overlay-type":"","overlay-color":"","overlay-opacity":"","overlay-gradient":""},"mobile":{"background-color":"var(--ast-global-color-5)","background-image":"","background-repeat":"repeat","background-position":"center center","background-size":"auto","background-attachment":"scroll","background-type":"","background-media":"","overlay-type":"","overlay-color":"","overlay-opacity":"","overlay-gradient":""}}},"product_brand":[],"product_cat":[120,117],"product_tag":[],"class_list":{"0":"post-8579","1":"product","2":"type-product","3":"status-publish","4":"has-post-thumbnail","6":"product_cat-bulova","7":"product_cat-relojes-para-hombre","8":"desktop-align-center","9":"tablet-align-left","10":"mobile-align-center","11":"ast-product-gallery-layout-vertical-slider","12":"ast-product-tabs-layout-distributed","14":"first","15":"instock","16":"shipping-taxable","17":"purchasable","18":"product-type-simple"},"_links":{"self":[{"href":"https:\/\/www.joyerialajoya.com\/en\/wp-json\/wp\/v2\/product\/8579","targetHints":{"allow":["GET"]}}],"collection":[{"href":"https:\/\/www.joyerialajoya.com\/en\/wp-json\/wp\/v2\/product"}],"about":[{"href":"https:\/\/www.joyerialajoya.com\/en\/wp-json\/wp\/v2\/types\/product"}],"replies":[{"embeddable":true,"href":"https:\/\/www.joyerialajoya.com\/en\/wp-json\/wp\/v2\/comments?post=8579"}],"version-history":[{"count":2,"href":"https:\/\/www.joyerialajoya.com\/en\/wp-json\/wp\/v2\/product\/8579\/revisions"}],"predecessor-version":[{"id":20783,"href":"https:\/\/www.joyerialajoya.com\/en\/wp-json\/wp\/v2\/product\/8579\/revisions\/20783"}],"wp:featuredmedia":[{"embeddable":true,"href":"https:\/\/www.joyerialajoya.com\/en\/wp-json\/wp\/v2\/media\/8580"}],"wp:attachment":[{"href":"https:\/\/www.joyerialajoya.com\/en\/wp-json\/wp\/v2\/media?parent=8579"}],"wp:term":[{"taxonomy":"product_brand","embeddable":true,"href":"https:\/\/www.joyerialajoya.com\/en\/wp-json\/wp\/v2\/product_brand?post=8579"},{"taxonomy":"product_cat","embeddable":true,"href":"https:\/\/www.joyerialajoya.com\/en\/wp-json\/wp\/v2\/product_cat?post=8579"},{"taxonomy":"product_tag","embeddable":true,"href":"https:\/\/www.joyerialajoya.com\/en\/wp-json\/wp\/v2\/product_tag?post=8579"}],"curies":[{"name":"wp","href":"https:\/\/api.w.org\/{rel}","templated":true}]}}