{"id":8786,"date":"2022-09-02T20:26:13","date_gmt":"2022-09-02T20:26:13","guid":{"rendered":"https:\/\/www.joyerialajoya.com\/?post_type=product&#038;p=8786"},"modified":"2024-01-15T20:07:24","modified_gmt":"2024-01-15T20:07:24","slug":"tudor-pelagos-39","status":"publish","type":"product","link":"https:\/\/www.joyerialajoya.com\/en\/product\/tudor-pelagos-39\/","title":{"rendered":"TUDOR PELAGOS 39"},"content":{"rendered":"<ul>\n<li class=\"Section-title P5Model\">TUDOR PELAGOS<\/li>\n<li class=\"Description P2Model\">ESFERA DE COLORES<\/li>\n<li class=\"Description P2Model\">REF:M25600TB-0001<\/li>\n<li class=\"Description P7Model\">SKU: 25600TB<\/li>\n<li class=\"Section-title P5Model\">MODELO<\/li>\n<li class=\"Description P7Model\">TUDOR PELAGOS M25600TB-0001<\/li>\n<li class=\"Section-title P5Model\">FUNCIONES<\/li>\n<li class=\"Description P7Model\">Herm\u00e9tico hasta 500 m, Calibre de Manufactura MT5612 (COSC) Movimiento mec\u00e1nico de cuerda autom\u00e1tica con rotor bidireccional, Caja de acero y titanio, 42 mm, acabado satinado.<\/li>\n<\/ul>\n<p>CARACTER\u00cdSTICAS<\/p>\n<p>Bisel giratorio unidireccional en titanio con escala graduada de 60 minutos, disco de cer\u00e1mica azul mate y graduaciones con material blanco luminiscente, Cristal de zafiro, Corona a rosca de titanio con el logo de TUDOR en relieve V\u00e1lvula de helio a las 9 horas.<\/p>","protected":false},"excerpt":{"rendered":"<p>Caja: caja de acero y titanio, 42 mm, acabado satinado; di\u00e1metro: 42mm; bisel: bisel giratorio unidireccional en titanio con escala graduada de 60 minutos, disco de cer\u00e1mica azul mate y graduaciones con material blanco luminiscente; movimiento: calibre de manufactura mt5612 (cosc) movimiento mec\u00e1nico de cuerda autom\u00e1tica con rotor bidireccional; dial: azul con \u00edndices blancos; tama\u00f1o: grande.<\/p>\n<p>&nbsp;<\/p>","protected":false},"featured_media":8788,"comment_status":"closed","ping_status":"closed","template":"","meta":{"_monsterinsights_skip_tracking":false,"_monsterinsights_sitenote_active":false,"_monsterinsights_sitenote_note":"","_monsterinsights_sitenote_category":0,"site-sidebar-layout":"default","site-content-layout":"","ast-site-content-layout":"default","site-content-style":"default","site-sidebar-style":"default","ast-global-header-display":"","ast-banner-title-visibility":"","ast-main-header-display":"","ast-hfb-above-header-display":"","ast-hfb-below-header-display":"","ast-hfb-mobile-header-display":"","site-post-title":"","ast-breadcrumbs-content":"","ast-featured-img":"","footer-sml-layout":"","ast-disable-related-posts":"","theme-transparent-header-meta":"default","adv-header-id-meta":"","stick-header-meta":"","header-above-stick-meta":"","header-main-stick-meta":"","header-below-stick-meta":"","astra-migrate-meta-layouts":"set","ast-page-background-enabled":"default","ast-page-background-meta":{"desktop":{"background-color":"var(--ast-global-color-4)","background-image":"","background-repeat":"repeat","background-position":"center center","background-size":"auto","background-attachment":"scroll","background-type":"","background-media":"","overlay-type":"","overlay-color":"","overlay-opacity":"","overlay-gradient":""},"tablet":{"background-color":"","background-image":"","background-repeat":"repeat","background-position":"center center","background-size":"auto","background-attachment":"scroll","background-type":"","background-media":"","overlay-type":"","overlay-color":"","overlay-opacity":"","overlay-gradient":""},"mobile":{"background-color":"","background-image":"","background-repeat":"repeat","background-position":"center center","background-size":"auto","background-attachment":"scroll","background-type":"","background-media":"","overlay-type":"","overlay-color":"","overlay-opacity":"","overlay-gradient":""}},"ast-content-background-meta":{"desktop":{"background-color":"var(--ast-global-color-5)","background-image":"","background-repeat":"repeat","background-position":"center center","background-size":"auto","background-attachment":"scroll","background-type":"","background-media":"","overlay-type":"","overlay-color":"","overlay-opacity":"","overlay-gradient":""},"tablet":{"background-color":"var(--ast-global-color-5)","background-image":"","background-repeat":"repeat","background-position":"center center","background-size":"auto","background-attachment":"scroll","background-type":"","background-media":"","overlay-type":"","overlay-color":"","overlay-opacity":"","overlay-gradient":""},"mobile":{"background-color":"var(--ast-global-color-5)","background-image":"","background-repeat":"repeat","background-position":"center center","background-size":"auto","background-attachment":"scroll","background-type":"","background-media":"","overlay-type":"","overlay-color":"","overlay-opacity":"","overlay-gradient":""}}},"product_brand":[],"product_cat":[62,41],"product_tag":[],"class_list":{"0":"post-8786","1":"product","2":"type-product","3":"status-publish","4":"has-post-thumbnail","6":"product_cat-pelagos","7":"product_cat-tudor","8":"desktop-align-center","9":"tablet-align-left","10":"mobile-align-center","11":"ast-product-gallery-layout-vertical-slider","12":"ast-product-tabs-layout-distributed","14":"first","15":"instock","16":"shipping-taxable","17":"product-type-simple"},"_links":{"self":[{"href":"https:\/\/www.joyerialajoya.com\/en\/wp-json\/wp\/v2\/product\/8786","targetHints":{"allow":["GET"]}}],"collection":[{"href":"https:\/\/www.joyerialajoya.com\/en\/wp-json\/wp\/v2\/product"}],"about":[{"href":"https:\/\/www.joyerialajoya.com\/en\/wp-json\/wp\/v2\/types\/product"}],"replies":[{"embeddable":true,"href":"https:\/\/www.joyerialajoya.com\/en\/wp-json\/wp\/v2\/comments?post=8786"}],"version-history":[{"count":3,"href":"https:\/\/www.joyerialajoya.com\/en\/wp-json\/wp\/v2\/product\/8786\/revisions"}],"predecessor-version":[{"id":15711,"href":"https:\/\/www.joyerialajoya.com\/en\/wp-json\/wp\/v2\/product\/8786\/revisions\/15711"}],"wp:featuredmedia":[{"embeddable":true,"href":"https:\/\/www.joyerialajoya.com\/en\/wp-json\/wp\/v2\/media\/8788"}],"wp:attachment":[{"href":"https:\/\/www.joyerialajoya.com\/en\/wp-json\/wp\/v2\/media?parent=8786"}],"wp:term":[{"taxonomy":"product_brand","embeddable":true,"href":"https:\/\/www.joyerialajoya.com\/en\/wp-json\/wp\/v2\/product_brand?post=8786"},{"taxonomy":"product_cat","embeddable":true,"href":"https:\/\/www.joyerialajoya.com\/en\/wp-json\/wp\/v2\/product_cat?post=8786"},{"taxonomy":"product_tag","embeddable":true,"href":"https:\/\/www.joyerialajoya.com\/en\/wp-json\/wp\/v2\/product_tag?post=8786"}],"curies":[{"name":"wp","href":"https:\/\/api.w.org\/{rel}","templated":true}]}}